{"id":12,"date":"2019-07-18T10:37:05","date_gmt":"2019-07-18T08:37:05","guid":{"rendered":"http:\/\/unregardparfait.fr\/?page_id=12"},"modified":"2020-06-28T17:48:04","modified_gmt":"2020-06-28T15:48:04","slug":"sourcils","status":"publish","type":"page","link":"https:\/\/unregardparfait.fr\/index.php\/sourcils\/","title":{"rendered":"Sourcils"},"content":{"rendered":"\t\t<div data-elementor-type=\"wp-page\" data-elementor-id=\"12\" class=\"elementor elementor-12\">\n\t\t\t\t\t\t<section class=\"elementor-section elementor-top-section elementor-element elementor-element-6253dec elementor-section-stretched elementor-section-full_width elementor-section-height-default elementor-section-height-default\" data-id=\"6253dec\" data-element_type=\"section\" data-settings=\"{&quot;stretch_section&quot;:&quot;section-stretched&quot;}\">\n\t\t\t\t\t\t<div class=\"elementor-container elementor-column-gap-default\">\n\t\t\t\t\t<div class=\"elementor-column elementor-col-50 elementor-top-column elementor-element elementor-element-b6e47aa\" data-id=\"b6e47aa\" data-element_type=\"column\" data-settings=\"{&quot;background_background&quot;:&quot;classic&quot;}\">\n\t\t\t<div class=\"elementor-widget-wrap elementor-element-populated\">\n\t\t\t\t\t\t<section class=\"elementor-section elementor-inner-section elementor-element elementor-element-a8de183 elementor-section-boxed elementor-section-height-default elementor-section-height-default\" data-id=\"a8de183\" data-element_type=\"section\">\n\t\t\t\t\t\t<div class=\"elementor-container elementor-column-gap-default\">\n\t\t\t\t\t<div class=\"elementor-column elementor-col-50 elementor-inner-column elementor-element elementor-element-2d4bff1\" data-id=\"2d4bff1\" data-element_type=\"column\" data-settings=\"{&quot;background_background&quot;:&quot;classic&quot;}\">\n\t\t\t<div class=\"elementor-widget-wrap elementor-element-populated\">\n\t\t\t\t\t\t<div class=\"elementor-element elementor-element-ccd1054 elementor-widget elementor-widget-heading\" data-id=\"ccd1054\" data-element_type=\"widget\" data-widget_type=\"heading.default\">\n\t\t\t\t<div class=\"elementor-widget-container\">\n\t\t\t\t\t<h2 class=\"elementor-heading-title elementor-size-default\">MAQUILLAGE PERMANENT<br><br><b>MICROBLADING et DERMOPIGMENTATION<br><\/b><\/h2>\t\t\t\t<\/div>\n\t\t\t\t<\/div>\n\t\t\t\t<div class=\"elementor-element elementor-element-9c4150c elementor-widget-divider--view-line elementor-widget elementor-widget-divider\" data-id=\"9c4150c\" data-element_type=\"widget\" data-widget_type=\"divider.default\">\n\t\t\t\t<div class=\"elementor-widget-container\">\n\t\t\t\t\t\t\t<div class=\"elementor-divider\">\n\t\t\t<span class=\"elementor-divider-separator\">\n\t\t\t\t\t\t<\/span>\n\t\t<\/div>\n\t\t\t\t\t\t<\/div>\n\t\t\t\t<\/div>\n\t\t\t\t<div class=\"elementor-element elementor-element-23424c8 elementor-widget elementor-widget-heading\" data-id=\"23424c8\" data-element_type=\"widget\" data-widget_type=\"heading.default\">\n\t\t\t\t<div class=\"elementor-widget-container\">\n\t\t\t\t\t<h3 class=\"elementor-heading-title elementor-size-default\">A QUI S'ADRESSE CETTE PRESTATION?<\/h3>\t\t\t\t<\/div>\n\t\t\t\t<\/div>\n\t\t\t\t<div class=\"elementor-element elementor-element-e36109e elementor-widget elementor-widget-text-editor\" data-id=\"e36109e\" data-element_type=\"widget\" data-widget_type=\"text-editor.default\">\n\t\t\t\t<div class=\"elementor-widget-container\">\n\t\t\t\t\t\t\t\t\t<p><b><u>Permet de corriger vos sourcils dans les cas suivants:<\/u><\/b><\/p>\n<ul>\n<li>Sourcils mal d\u00e9finis, clairsem\u00e9s, inexistants<\/li>\n<li>Forme des sourcils inadapt\u00e9e<\/li>\n<li>Sourcils trop courts, asym\u00e9triques ou mal structur\u00e9s<\/li>\n<li>Absence de poils suite \u00e0 traitement<\/li>\n<li>Sourcils avec une couleur qui a mal vieilli<\/li>\n<\/ul>\t\t\t\t\t\t\t\t<\/div>\n\t\t\t\t<\/div>\n\t\t\t\t\t<\/div>\n\t\t<\/div>\n\t\t\t\t<div class=\"elementor-column elementor-col-50 elementor-inner-column elementor-element elementor-element-b442c66\" data-id=\"b442c66\" data-element_type=\"column\">\n\t\t\t<div class=\"elementor-widget-wrap elementor-element-populated\">\n\t\t\t\t\t\t\t<\/div>\n\t\t<\/div>\n\t\t\t\t\t<\/div>\n\t\t<\/section>\n\t\t\t\t\t<\/div>\n\t\t<\/div>\n\t\t\t\t<div class=\"elementor-column elementor-col-50 elementor-top-column elementor-element elementor-element-7485714\" data-id=\"7485714\" data-element_type=\"column\" data-settings=\"{&quot;background_background&quot;:&quot;classic&quot;}\">\n\t\t\t<div class=\"elementor-widget-wrap elementor-element-populated\">\n\t\t\t\t\t\t<div class=\"elementor-element elementor-element-165c94c elementor-widget-divider--view-line elementor-widget elementor-widget-divider\" data-id=\"165c94c\" data-element_type=\"widget\" data-widget_type=\"divider.default\">\n\t\t\t\t<div class=\"elementor-widget-container\">\n\t\t\t\t\t\t\t<div class=\"elementor-divider\">\n\t\t\t<span class=\"elementor-divider-separator\">\n\t\t\t\t\t\t<\/span>\n\t\t<\/div>\n\t\t\t\t\t\t<\/div>\n\t\t\t\t<\/div>\n\t\t\t\t\t<\/div>\n\t\t<\/div>\n\t\t\t\t\t<\/div>\n\t\t<\/section>\n\t\t\t\t<section class=\"elementor-section elementor-top-section elementor-element elementor-element-12615b7 elementor-section-stretched elementor-section-boxed elementor-section-height-default elementor-section-height-default\" data-id=\"12615b7\" data-element_type=\"section\" data-settings=\"{&quot;stretch_section&quot;:&quot;section-stretched&quot;}\">\n\t\t\t\t\t\t<div class=\"elementor-container elementor-column-gap-default\">\n\t\t\t\t\t<div class=\"elementor-column elementor-col-100 elementor-top-column elementor-element elementor-element-6e7703c\" data-id=\"6e7703c\" data-element_type=\"column\" data-settings=\"{&quot;background_background&quot;:&quot;classic&quot;}\">\n\t\t\t<div class=\"elementor-widget-wrap elementor-element-populated\">\n\t\t\t\t\t\t<div class=\"elementor-element elementor-element-9b75141 elementor-widget elementor-widget-heading\" data-id=\"9b75141\" data-element_type=\"widget\" data-widget_type=\"heading.default\">\n\t\t\t\t<div class=\"elementor-widget-container\">\n\t\t\t\t\t<h2 class=\"elementor-heading-title elementor-size-default\">LES TECHNIQUES PROPOSEES<\/h2>\t\t\t\t<\/div>\n\t\t\t\t<\/div>\n\t\t\t\t<div class=\"elementor-element elementor-element-b865428 elementor-widget-divider--view-line elementor-widget elementor-widget-divider\" data-id=\"b865428\" data-element_type=\"widget\" data-widget_type=\"divider.default\">\n\t\t\t\t<div class=\"elementor-widget-container\">\n\t\t\t\t\t\t\t<div class=\"elementor-divider\">\n\t\t\t<span class=\"elementor-divider-separator\">\n\t\t\t\t\t\t<\/span>\n\t\t<\/div>\n\t\t\t\t\t\t<\/div>\n\t\t\t\t<\/div>\n\t\t\t\t<div class=\"elementor-element elementor-element-2fef6fc elementor-widget elementor-widget-text-editor\" data-id=\"2fef6fc\" data-element_type=\"widget\" data-widget_type=\"text-editor.default\">\n\t\t\t\t<div class=\"elementor-widget-container\">\n\t\t\t\t\t\t\t\t\t<ul><li><strong>Microblading et Microshading<\/strong>: Prestation effectu\u00e9e manuellement \u00e0 l\u2019aide d\u2019une micro-lame en forme de peigne qui permet d\u2019avoir un rendu tr\u00e8s naturel.<\/li><\/ul><ul><li><strong>La Dermopigmentation<\/strong>: Prestation effectu\u00e9e \u00e0 l\u2019aide d\u2019un stylo Dermographe electrique avec des aiguilles qui permet d\u2019avoir un rendu plus sophistiqu\u00e9.<\/li><\/ul><p><u><b>\u00a0Ces diff\u00e9rentes techniques permettent d\u2019obtenir un effet de:<\/b><\/u><\/p><ul><li>Sourcils Poil \u00e0 Poil<\/li><li>Sourcils Ombr\u00e9 \u00ab\u00a0effet poudr\u00e9\u00a0\u00bb<\/li><li>\u00a0Sourcils Combo\u00a0: Poil \u00e0 Poil &amp; Ombre<\/li><li>Restructuration d\u2019une ligne<\/li><li>Comblement de queue de sourcils<\/li><\/ul><p>Afin de r\u00e9pondre au plus grand nombre de probl\u00e9matiques et parce que nous sommes toutes diff\u00e9rentes, ces techniques vari\u00e9es peuvent \u00eatre utilis\u00e9es.\u00a0<\/p><p><span style=\"font-size: 14px;\">C\u2019est gr\u00e2ce \u00e0 un entretien personnalis\u00e9 que nous pourrons d\u00e9finir, ensemble, la technique la plus adapt\u00e9e \u00e0 votre probl\u00e9matique.<\/span><\/p>\t\t\t\t\t\t\t\t<\/div>\n\t\t\t\t<\/div>\n\t\t\t\t\t<\/div>\n\t\t<\/div>\n\t\t\t\t\t<\/div>\n\t\t<\/section>\n\t\t\t\t<section class=\"elementor-section elementor-top-section elementor-element elementor-element-5c0c670 elementor-section-boxed elementor-section-height-default elementor-section-height-default\" data-id=\"5c0c670\" data-element_type=\"section\">\n\t\t\t\t\t\t<div class=\"elementor-container elementor-column-gap-default\">\n\t\t\t\t\t<div class=\"elementor-column elementor-col-100 elementor-top-column elementor-element elementor-element-c7768fe\" data-id=\"c7768fe\" data-element_type=\"column\">\n\t\t\t<div class=\"elementor-widget-wrap elementor-element-populated\">\n\t\t\t\t\t\t<div class=\"elementor-element elementor-element-a8de3e6 elementor-align-center elementor-widget elementor-widget-button\" data-id=\"a8de3e6\" data-element_type=\"widget\" data-widget_type=\"button.default\">\n\t\t\t\t<div class=\"elementor-widget-container\">\n\t\t\t\t\t\t\t\t\t<div class=\"elementor-button-wrapper\">\n\t\t\t\t\t<a class=\"elementor-button elementor-button-link elementor-size-lg\" href=\"http:\/\/unregardparfait.fr\/index.php\/contact\/\">\n\t\t\t\t\t\t<span class=\"elementor-button-content-wrapper\">\n\t\t\t\t\t\t\t\t\t<span class=\"elementor-button-text\">CONTACT<\/span>\n\t\t\t\t\t<\/span>\n\t\t\t\t\t<\/a>\n\t\t\t\t<\/div>\n\t\t\t\t\t\t\t\t<\/div>\n\t\t\t\t<\/div>\n\t\t\t\t\t<\/div>\n\t\t<\/div>\n\t\t\t\t\t<\/div>\n\t\t<\/section>\n\t\t\t\t<\/div>\n\t\t","protected":false},"excerpt":{"rendered":"<p>MAQUILLAGE PERMANENT MICROBLADING et DERMOPIGMENTATION A QUI S&rsquo;ADRESSE CETTE PRESTATION? Permet de corriger vos sourcils dans les cas suivants: Sourcils mal d\u00e9finis, clairsem\u00e9s, inexistants Forme des sourcils inadapt\u00e9e Sourcils trop courts, asym\u00e9triques ou mal structur\u00e9s Absence de poils suite \u00e0 traitement Sourcils avec une couleur qui a mal vieilli LES TECHNIQUES PROPOSEES Microblading et Microshading: [&hellip;]<\/p>\n","protected":false},"author":1,"featured_media":0,"parent":0,"menu_order":0,"comment_status":"closed","ping_status":"closed","template":"","meta":{"_monsterinsights_skip_tracking":false,"_monsterinsights_sitenote_active":false,"_monsterinsights_sitenote_note":"","_monsterinsights_sitenote_category":0,"ocean_post_layout":"","ocean_both_sidebars_style":"","ocean_both_sidebars_content_width":0,"ocean_both_sidebars_sidebars_width":0,"ocean_sidebar":"0","ocean_second_sidebar":"0","ocean_disable_margins":"enable","ocean_add_body_class":"","ocean_shortcode_before_top_bar":"","ocean_shortcode_after_top_bar":"","ocean_shortcode_before_header":"","ocean_shortcode_after_header":"","ocean_has_shortcode":"","ocean_shortcode_after_title":"","ocean_shortcode_before_footer_widgets":"","ocean_shortcode_after_footer_widgets":"","ocean_shortcode_before_footer_bottom":"","ocean_shortcode_after_footer_bottom":"","ocean_display_top_bar":"off","ocean_display_header":"on","ocean_header_style":"custom","ocean_center_header_left_menu":"0","ocean_custom_header_template":"932","ocean_custom_logo":0,"ocean_custom_retina_logo":0,"ocean_custom_logo_max_width":0,"ocean_custom_logo_tablet_max_width":0,"ocean_custom_logo_mobile_max_width":0,"ocean_custom_logo_max_height":0,"ocean_custom_logo_tablet_max_height":0,"ocean_custom_logo_mobile_max_height":0,"ocean_header_custom_menu":"0","ocean_menu_typo_font_family":"0","ocean_menu_typo_font_subset":"","ocean_menu_typo_font_size":0,"ocean_menu_typo_font_size_tablet":0,"ocean_menu_typo_font_size_mobile":0,"ocean_menu_typo_font_size_unit":"px","ocean_menu_typo_font_weight":"","ocean_menu_typo_font_weight_tablet":"","ocean_menu_typo_font_weight_mobile":"","ocean_menu_typo_transform":"","ocean_menu_typo_transform_tablet":"","ocean_menu_typo_transform_mobile":"","ocean_menu_typo_line_height":0,"ocean_menu_typo_line_height_tablet":0,"ocean_menu_typo_line_height_mobile":0,"ocean_menu_typo_line_height_unit":"","ocean_menu_typo_spacing":0,"ocean_menu_typo_spacing_tablet":0,"ocean_menu_typo_spacing_mobile":0,"ocean_menu_typo_spacing_unit":"","ocean_menu_link_color":"","ocean_menu_link_color_hover":"","ocean_menu_link_color_active":"","ocean_menu_link_background":"","ocean_menu_link_hover_background":"","ocean_menu_link_active_background":"","ocean_menu_social_links_bg":"","ocean_menu_social_hover_links_bg":"","ocean_menu_social_links_color":"","ocean_menu_social_hover_links_color":"","ocean_disable_title":"default","ocean_disable_heading":"default","ocean_post_title":"","ocean_post_subheading":"","ocean_post_title_style":"","ocean_post_title_background_color":"","ocean_post_title_background":0,"ocean_post_title_bg_image_position":"","ocean_post_title_bg_image_attachment":"","ocean_post_title_bg_image_repeat":"","ocean_post_title_bg_image_size":"","ocean_post_title_height":0,"ocean_post_title_bg_overlay":0.5,"ocean_post_title_bg_overlay_color":"","ocean_disable_breadcrumbs":"default","ocean_breadcrumbs_color":"","ocean_breadcrumbs_separator_color":"","ocean_breadcrumbs_links_color":"","ocean_breadcrumbs_links_hover_color":"","ocean_display_footer_widgets":"default","ocean_display_footer_bottom":"default","ocean_custom_footer_template":"0","footnotes":""},"class_list":["post-12","page","type-page","status-publish","hentry","entry"],"yoast_head":"<!-- This site is optimized with the Yoast SEO plugin v26.1.1 - https:\/\/yoast.com\/wordpress\/plugins\/seo\/ -->\n<title>Sourcils - Un regard parfait<\/title>\n<meta name=\"description\" content=\"Dermopigmentation, maquillage semi-permanent pour vos sourcils. Techniques de microblading\/microshading pour sublimer et redessiner vos sourcils.\" \/>\n<meta name=\"robots\" content=\"index, follow, max-snippet:-1, max-image-preview:large, max-video-preview:-1\" \/>\n<link rel=\"canonical\" href=\"https:\/\/unregardparfait.fr\/index.php\/sourcils\/\" \/>\n<meta property=\"og:locale\" content=\"fr_FR\" \/>\n<meta property=\"og:type\" content=\"article\" \/>\n<meta property=\"og:title\" content=\"Sourcils - Un regard parfait\" \/>\n<meta property=\"og:description\" content=\"Dermopigmentation, maquillage semi-permanent pour vos sourcils. Techniques de microblading\/microshading pour sublimer et redessiner vos sourcils.\" \/>\n<meta property=\"og:url\" content=\"https:\/\/unregardparfait.fr\/index.php\/sourcils\/\" \/>\n<meta property=\"og:site_name\" content=\"Un regard parfait\" \/>\n<meta property=\"article:modified_time\" content=\"2020-06-28T15:48:04+00:00\" \/>\n<meta name=\"twitter:card\" content=\"summary_large_image\" \/>\n<meta name=\"twitter:label1\" content=\"Dur\u00e9e de lecture estim\u00e9e\" \/>\n\t<meta name=\"twitter:data1\" content=\"1 minute\" \/>\n<script type=\"application\/ld+json\" class=\"yoast-schema-graph\">{\"@context\":\"https:\/\/schema.org\",\"@graph\":[{\"@type\":\"WebPage\",\"@id\":\"https:\/\/unregardparfait.fr\/index.php\/sourcils\/\",\"url\":\"https:\/\/unregardparfait.fr\/index.php\/sourcils\/\",\"name\":\"Sourcils - Un regard parfait\",\"isPartOf\":{\"@id\":\"https:\/\/unregardparfait.fr\/#website\"},\"datePublished\":\"2019-07-18T08:37:05+00:00\",\"dateModified\":\"2020-06-28T15:48:04+00:00\",\"description\":\"Dermopigmentation, maquillage semi-permanent pour vos sourcils. Techniques de microblading\/microshading pour sublimer et redessiner vos sourcils.\",\"breadcrumb\":{\"@id\":\"https:\/\/unregardparfait.fr\/index.php\/sourcils\/#breadcrumb\"},\"inLanguage\":\"fr-FR\",\"potentialAction\":[{\"@type\":\"ReadAction\",\"target\":[\"https:\/\/unregardparfait.fr\/index.php\/sourcils\/\"]}]},{\"@type\":\"BreadcrumbList\",\"@id\":\"https:\/\/unregardparfait.fr\/index.php\/sourcils\/#breadcrumb\",\"itemListElement\":[{\"@type\":\"ListItem\",\"position\":1,\"name\":\"Accueil\",\"item\":\"https:\/\/unregardparfait.fr\/\"},{\"@type\":\"ListItem\",\"position\":2,\"name\":\"Sourcils\"}]},{\"@type\":\"WebSite\",\"@id\":\"https:\/\/unregardparfait.fr\/#website\",\"url\":\"https:\/\/unregardparfait.fr\/\",\"name\":\"Un regard parfait\",\"description\":\"\",\"potentialAction\":[{\"@type\":\"SearchAction\",\"target\":{\"@type\":\"EntryPoint\",\"urlTemplate\":\"https:\/\/unregardparfait.fr\/?s={search_term_string}\"},\"query-input\":{\"@type\":\"PropertyValueSpecification\",\"valueRequired\":true,\"valueName\":\"search_term_string\"}}],\"inLanguage\":\"fr-FR\"}]}<\/script>\n<!-- \/ Yoast SEO plugin. -->","yoast_head_json":{"title":"Sourcils - Un regard parfait","description":"Dermopigmentation, maquillage semi-permanent pour vos sourcils. Techniques de microblading\/microshading pour sublimer et redessiner vos sourcils.","robots":{"index":"index","follow":"follow","max-snippet":"max-snippet:-1","max-image-preview":"max-image-preview:large","max-video-preview":"max-video-preview:-1"},"canonical":"https:\/\/unregardparfait.fr\/index.php\/sourcils\/","og_locale":"fr_FR","og_type":"article","og_title":"Sourcils - Un regard parfait","og_description":"Dermopigmentation, maquillage semi-permanent pour vos sourcils. Techniques de microblading\/microshading pour sublimer et redessiner vos sourcils.","og_url":"https:\/\/unregardparfait.fr\/index.php\/sourcils\/","og_site_name":"Un regard parfait","article_modified_time":"2020-06-28T15:48:04+00:00","twitter_card":"summary_large_image","twitter_misc":{"Dur\u00e9e de lecture estim\u00e9e":"1 minute"},"schema":{"@context":"https:\/\/schema.org","@graph":[{"@type":"WebPage","@id":"https:\/\/unregardparfait.fr\/index.php\/sourcils\/","url":"https:\/\/unregardparfait.fr\/index.php\/sourcils\/","name":"Sourcils - Un regard parfait","isPartOf":{"@id":"https:\/\/unregardparfait.fr\/#website"},"datePublished":"2019-07-18T08:37:05+00:00","dateModified":"2020-06-28T15:48:04+00:00","description":"Dermopigmentation, maquillage semi-permanent pour vos sourcils. Techniques de microblading\/microshading pour sublimer et redessiner vos sourcils.","breadcrumb":{"@id":"https:\/\/unregardparfait.fr\/index.php\/sourcils\/#breadcrumb"},"inLanguage":"fr-FR","potentialAction":[{"@type":"ReadAction","target":["https:\/\/unregardparfait.fr\/index.php\/sourcils\/"]}]},{"@type":"BreadcrumbList","@id":"https:\/\/unregardparfait.fr\/index.php\/sourcils\/#breadcrumb","itemListElement":[{"@type":"ListItem","position":1,"name":"Accueil","item":"https:\/\/unregardparfait.fr\/"},{"@type":"ListItem","position":2,"name":"Sourcils"}]},{"@type":"WebSite","@id":"https:\/\/unregardparfait.fr\/#website","url":"https:\/\/unregardparfait.fr\/","name":"Un regard parfait","description":"","potentialAction":[{"@type":"SearchAction","target":{"@type":"EntryPoint","urlTemplate":"https:\/\/unregardparfait.fr\/?s={search_term_string}"},"query-input":{"@type":"PropertyValueSpecification","valueRequired":true,"valueName":"search_term_string"}}],"inLanguage":"fr-FR"}]}},"_links":{"self":[{"href":"https:\/\/unregardparfait.fr\/index.php\/wp-json\/wp\/v2\/pages\/12","targetHints":{"allow":["GET"]}}],"collection":[{"href":"https:\/\/unregardparfait.fr\/index.php\/wp-json\/wp\/v2\/pages"}],"about":[{"href":"https:\/\/unregardparfait.fr\/index.php\/wp-json\/wp\/v2\/types\/page"}],"author":[{"embeddable":true,"href":"https:\/\/unregardparfait.fr\/index.php\/wp-json\/wp\/v2\/users\/1"}],"replies":[{"embeddable":true,"href":"https:\/\/unregardparfait.fr\/index.php\/wp-json\/wp\/v2\/comments?post=12"}],"version-history":[{"count":104,"href":"https:\/\/unregardparfait.fr\/index.php\/wp-json\/wp\/v2\/pages\/12\/revisions"}],"predecessor-version":[{"id":1646,"href":"https:\/\/unregardparfait.fr\/index.php\/wp-json\/wp\/v2\/pages\/12\/revisions\/1646"}],"wp:attachment":[{"href":"https:\/\/unregardparfait.fr\/index.php\/wp-json\/wp\/v2\/media?parent=12"}],"curies":[{"name":"wp","href":"https:\/\/api.w.org\/{rel}","templated":true}]}}