{"id":1323,"date":"2020-06-01T12:46:28","date_gmt":"2020-06-01T10:46:28","guid":{"rendered":"https:\/\/unregardparfait.fr\/?page_id=1323"},"modified":"2020-06-28T17:47:45","modified_gmt":"2020-06-28T15:47:45","slug":"eye-liner","status":"publish","type":"page","link":"https:\/\/unregardparfait.fr\/index.php\/eye-liner\/","title":{"rendered":"Eye-Liner"},"content":{"rendered":"\t\t<div data-elementor-type=\"wp-page\" data-elementor-id=\"1323\" class=\"elementor elementor-1323\">\n\t\t\t\t\t\t<section class=\"elementor-section elementor-top-section elementor-element elementor-element-f847432 elementor-section-stretched elementor-section-full_width elementor-section-height-default elementor-section-height-default\" data-id=\"f847432\" data-element_type=\"section\" data-settings=\"{&quot;stretch_section&quot;:&quot;section-stretched&quot;}\">\n\t\t\t\t\t\t<div class=\"elementor-container elementor-column-gap-default\">\n\t\t\t\t\t<div class=\"elementor-column elementor-col-100 elementor-top-column elementor-element elementor-element-d2fcce8\" data-id=\"d2fcce8\" data-element_type=\"column\" data-settings=\"{&quot;background_background&quot;:&quot;classic&quot;}\">\n\t\t\t<div class=\"elementor-widget-wrap elementor-element-populated\">\n\t\t\t\t\t\t<section class=\"elementor-section elementor-inner-section elementor-element elementor-element-3bb9437 elementor-section-boxed elementor-section-height-default elementor-section-height-default\" data-id=\"3bb9437\" data-element_type=\"section\">\n\t\t\t\t\t\t<div class=\"elementor-container elementor-column-gap-default\">\n\t\t\t\t\t<div class=\"elementor-column elementor-col-50 elementor-inner-column elementor-element elementor-element-5d2e8c0\" data-id=\"5d2e8c0\" data-element_type=\"column\" data-settings=\"{&quot;background_background&quot;:&quot;classic&quot;}\">\n\t\t\t<div class=\"elementor-widget-wrap elementor-element-populated\">\n\t\t\t\t\t\t<div class=\"elementor-element elementor-element-6ca0ea2 elementor-widget elementor-widget-heading\" data-id=\"6ca0ea2\" data-element_type=\"widget\" data-widget_type=\"heading.default\">\n\t\t\t\t<div class=\"elementor-widget-container\">\n\t\t\t\t\t<h2 class=\"elementor-heading-title elementor-size-default\"><br>Maquillage permanent des yeux<br><br>Eye-Liner<br><\/h2>\t\t\t\t<\/div>\n\t\t\t\t<\/div>\n\t\t\t\t<div class=\"elementor-element elementor-element-08e252e elementor-widget-divider--view-line elementor-widget elementor-widget-divider\" data-id=\"08e252e\" data-element_type=\"widget\" data-widget_type=\"divider.default\">\n\t\t\t\t<div class=\"elementor-widget-container\">\n\t\t\t\t\t\t\t<div class=\"elementor-divider\">\n\t\t\t<span class=\"elementor-divider-separator\">\n\t\t\t\t\t\t<\/span>\n\t\t<\/div>\n\t\t\t\t\t\t<\/div>\n\t\t\t\t<\/div>\n\t\t\t\t<div class=\"elementor-element elementor-element-8ff7a7d elementor-widget elementor-widget-heading\" data-id=\"8ff7a7d\" data-element_type=\"widget\" data-widget_type=\"heading.default\">\n\t\t\t\t<div class=\"elementor-widget-container\">\n\t\t\t\t\t<h2 class=\"elementor-heading-title elementor-size-default\">A QUI S'ADRESSE CETTE PRESTATION?<\/h2>\t\t\t\t<\/div>\n\t\t\t\t<\/div>\n\t\t\t\t<div class=\"elementor-element elementor-element-69d6441 elementor-widget elementor-widget-text-editor\" data-id=\"69d6441\" data-element_type=\"widget\" data-widget_type=\"text-editor.default\">\n\t\t\t\t<div class=\"elementor-widget-container\">\n\t\t\t\t\t\t\t\t\t<ul><li>Aux femmes qui veulent montrer leur meilleur aspect en toutes circonstances et d\u00e8s le r\u00e9veil.<\/li><li>Celles qui sont physiquement incapables de se maquiller.<\/li><li>Aux femmes qui sont allergiques aux produits traditionnels de maquillage.<\/li><li>Aux femmes trop occup\u00e9es pour pour perdre du temps avec le maquillage conventionnel.<\/li><li>Celles qui travaillent, veulent gagner du temps, appr\u00e9cient un beau maquillage sans les g\u00eanes de perp\u00e9tuelles retouches.<\/li><li>Aux sportives qui souhaitent \u00eatre toujours pr\u00e9sentables sans avoir \u00e0 s&rsquo;inqui\u00e9ter des efforts physiques.<\/li><\/ul>\t\t\t\t\t\t\t\t<\/div>\n\t\t\t\t<\/div>\n\t\t\t\t\t<\/div>\n\t\t<\/div>\n\t\t\t\t<div class=\"elementor-column elementor-col-50 elementor-inner-column elementor-element elementor-element-64133bf\" data-id=\"64133bf\" data-element_type=\"column\">\n\t\t\t<div class=\"elementor-widget-wrap elementor-element-populated\">\n\t\t\t\t\t\t\t<\/div>\n\t\t<\/div>\n\t\t\t\t\t<\/div>\n\t\t<\/section>\n\t\t\t\t\t<\/div>\n\t\t<\/div>\n\t\t\t\t\t<\/div>\n\t\t<\/section>\n\t\t\t\t<section class=\"elementor-section elementor-top-section elementor-element elementor-element-1d25845 elementor-section-stretched elementor-section-boxed elementor-section-height-default elementor-section-height-default\" data-id=\"1d25845\" data-element_type=\"section\" data-settings=\"{&quot;stretch_section&quot;:&quot;section-stretched&quot;}\">\n\t\t\t\t\t\t<div class=\"elementor-container elementor-column-gap-default\">\n\t\t\t\t\t<div class=\"elementor-column elementor-col-100 elementor-top-column elementor-element elementor-element-eb94668\" data-id=\"eb94668\" data-element_type=\"column\" data-settings=\"{&quot;background_background&quot;:&quot;classic&quot;}\">\n\t\t\t<div class=\"elementor-widget-wrap elementor-element-populated\">\n\t\t\t\t\t\t<div class=\"elementor-element elementor-element-f5aba26 elementor-widget elementor-widget-heading\" data-id=\"f5aba26\" data-element_type=\"widget\" data-widget_type=\"heading.default\">\n\t\t\t\t<div class=\"elementor-widget-container\">\n\t\t\t\t\t<h2 class=\"elementor-heading-title elementor-size-default\">Maquillage permanent des yeux\/Eye-Liner : QUELLE TECHNIQUE EST UTILISEE?<\/h2>\t\t\t\t<\/div>\n\t\t\t\t<\/div>\n\t\t\t\t<div class=\"elementor-element elementor-element-8301ce5 elementor-widget-divider--view-line elementor-widget elementor-widget-divider\" data-id=\"8301ce5\" data-element_type=\"widget\" data-widget_type=\"divider.default\">\n\t\t\t\t<div class=\"elementor-widget-container\">\n\t\t\t\t\t\t\t<div class=\"elementor-divider\">\n\t\t\t<span class=\"elementor-divider-separator\">\n\t\t\t\t\t\t<\/span>\n\t\t<\/div>\n\t\t\t\t\t\t<\/div>\n\t\t\t\t<\/div>\n\t\t\t\t<div class=\"elementor-element elementor-element-4f60bd8 elementor-widget elementor-widget-text-editor\" data-id=\"4f60bd8\" data-element_type=\"widget\" data-widget_type=\"text-editor.default\">\n\t\t\t\t<div class=\"elementor-widget-container\">\n\t\t\t\t\t\t\t\t\t<p style=\"font-variant-ligatures: normal; font-variant-caps: normal; font-family: &quot;Open Sans&quot;, sans-serif; font-size: 14px; font-style: normal; color: rgb(0, 0, 0);\"><span style=\"font-size: 14px;\"><span style=\"font-size: 14px;\"><span style=\"font-size: 14px;\"><b>La Dermopigmentation <\/b>est une prestation effectu\u00e9e \u00e0 l&rsquo;aide d&rsquo;un stylo Dermographe.<\/span><\/span><\/span><\/p>\n<p style=\"font-variant-ligatures: normal; font-variant-caps: normal; font-family: 'Open Sans', sans-serif; font-size: 14px; font-style: normal; font-weight: 400; color: #000000;\"><span style=\"font-family: 'Open Sans', sans-serif; font-size: 14px; font-style: normal; font-variant-ligatures: normal; font-variant-caps: normal; font-weight: 400;\">Gr\u00e2ce \u00e0 l&rsquo;Eye-Liner, vos yeux sont brillants, mis en valeur, votre regard est p\u00e9tillant, vos cils paraissent plus fournis. La couleur est intense, vous \u00eates maquill\u00e9e durablement. Et fini le d\u00e9maquillage!<\/span><\/p>\n<p style=\"font-variant-ligatures: normal; font-variant-caps: normal; font-family: &quot;Open Sans&quot;, sans-serif; font-size: 14px; font-style: normal; color: rgb(0, 0, 0);\"><span style=\"font-size: 14px;\"><b>Donnez plus d&rsquo;intensit\u00e9 \u00e0 votre regard!<\/b><\/span><\/p>\t\t\t\t\t\t\t\t<\/div>\n\t\t\t\t<\/div>\n\t\t\t\t\t<\/div>\n\t\t<\/div>\n\t\t\t\t\t<\/div>\n\t\t<\/section>\n\t\t\t\t<section class=\"elementor-section elementor-top-section elementor-element elementor-element-220454c elementor-section-boxed elementor-section-height-default elementor-section-height-default\" data-id=\"220454c\" data-element_type=\"section\">\n\t\t\t\t\t\t<div class=\"elementor-container elementor-column-gap-default\">\n\t\t\t\t\t<div class=\"elementor-column elementor-col-100 elementor-top-column elementor-element elementor-element-cd0cb02\" data-id=\"cd0cb02\" data-element_type=\"column\">\n\t\t\t<div class=\"elementor-widget-wrap elementor-element-populated\">\n\t\t\t\t\t\t<div class=\"elementor-element elementor-element-7fb3412 elementor-align-center elementor-widget elementor-widget-button\" data-id=\"7fb3412\" data-element_type=\"widget\" data-widget_type=\"button.default\">\n\t\t\t\t<div class=\"elementor-widget-container\">\n\t\t\t\t\t\t\t\t\t<div class=\"elementor-button-wrapper\">\n\t\t\t\t\t<a class=\"elementor-button elementor-button-link elementor-size-lg\" href=\"http:\/\/unregardparfait.fr\/index.php\/contact\/\">\n\t\t\t\t\t\t<span class=\"elementor-button-content-wrapper\">\n\t\t\t\t\t\t\t\t\t<span class=\"elementor-button-text\">CONTACT<\/span>\n\t\t\t\t\t<\/span>\n\t\t\t\t\t<\/a>\n\t\t\t\t<\/div>\n\t\t\t\t\t\t\t\t<\/div>\n\t\t\t\t<\/div>\n\t\t\t\t\t<\/div>\n\t\t<\/div>\n\t\t\t\t\t<\/div>\n\t\t<\/section>\n\t\t\t\t<\/div>\n\t\t","protected":false},"excerpt":{"rendered":"<p>Maquillage permanent des yeux Eye-Liner A QUI S&rsquo;ADRESSE CETTE PRESTATION? Aux femmes qui veulent montrer leur meilleur aspect en toutes circonstances et d\u00e8s le r\u00e9veil. Celles qui sont physiquement incapables de se maquiller. Aux femmes qui sont allergiques aux produits traditionnels de maquillage. Aux femmes trop occup\u00e9es pour pour perdre du temps avec le maquillage [&hellip;]<\/p>\n","protected":false},"author":1,"featured_media":0,"parent":0,"menu_order":0,"comment_status":"closed","ping_status":"closed","template":"","meta":{"_monsterinsights_skip_tracking":false,"_monsterinsights_sitenote_active":false,"_monsterinsights_sitenote_note":"","_monsterinsights_sitenote_category":0,"ocean_post_layout":"","ocean_both_sidebars_style":"","ocean_both_sidebars_content_width":0,"ocean_both_sidebars_sidebars_width":0,"ocean_sidebar":"0","ocean_second_sidebar":"0","ocean_disable_margins":"enable","ocean_add_body_class":"","ocean_shortcode_before_top_bar":"","ocean_shortcode_after_top_bar":"","ocean_shortcode_before_header":"","ocean_shortcode_after_header":"","ocean_has_shortcode":"","ocean_shortcode_after_title":"","ocean_shortcode_before_footer_widgets":"","ocean_shortcode_after_footer_widgets":"","ocean_shortcode_before_footer_bottom":"","ocean_shortcode_after_footer_bottom":"","ocean_display_top_bar":"off","ocean_display_header":"on","ocean_header_style":"custom","ocean_center_header_left_menu":"0","ocean_custom_header_template":"932","ocean_custom_logo":0,"ocean_custom_retina_logo":0,"ocean_custom_logo_max_width":0,"ocean_custom_logo_tablet_max_width":0,"ocean_custom_logo_mobile_max_width":0,"ocean_custom_logo_max_height":0,"ocean_custom_logo_tablet_max_height":0,"ocean_custom_logo_mobile_max_height":0,"ocean_header_custom_menu":"0","ocean_menu_typo_font_family":"0","ocean_menu_typo_font_subset":"","ocean_menu_typo_font_size":0,"ocean_menu_typo_font_size_tablet":0,"ocean_menu_typo_font_size_mobile":0,"ocean_menu_typo_font_size_unit":"px","ocean_menu_typo_font_weight":"","ocean_menu_typo_font_weight_tablet":"","ocean_menu_typo_font_weight_mobile":"","ocean_menu_typo_transform":"","ocean_menu_typo_transform_tablet":"","ocean_menu_typo_transform_mobile":"","ocean_menu_typo_line_height":0,"ocean_menu_typo_line_height_tablet":0,"ocean_menu_typo_line_height_mobile":0,"ocean_menu_typo_line_height_unit":"","ocean_menu_typo_spacing":0,"ocean_menu_typo_spacing_tablet":0,"ocean_menu_typo_spacing_mobile":0,"ocean_menu_typo_spacing_unit":"","ocean_menu_link_color":"","ocean_menu_link_color_hover":"","ocean_menu_link_color_active":"","ocean_menu_link_background":"","ocean_menu_link_hover_background":"","ocean_menu_link_active_background":"","ocean_menu_social_links_bg":"","ocean_menu_social_hover_links_bg":"","ocean_menu_social_links_color":"","ocean_menu_social_hover_links_color":"","ocean_disable_title":"default","ocean_disable_heading":"default","ocean_post_title":"","ocean_post_subheading":"","ocean_post_title_style":"","ocean_post_title_background_color":"","ocean_post_title_background":0,"ocean_post_title_bg_image_position":"","ocean_post_title_bg_image_attachment":"","ocean_post_title_bg_image_repeat":"","ocean_post_title_bg_image_size":"","ocean_post_title_height":0,"ocean_post_title_bg_overlay":0.5,"ocean_post_title_bg_overlay_color":"","ocean_disable_breadcrumbs":"default","ocean_breadcrumbs_color":"","ocean_breadcrumbs_separator_color":"","ocean_breadcrumbs_links_color":"","ocean_breadcrumbs_links_hover_color":"","ocean_display_footer_widgets":"default","ocean_display_footer_bottom":"default","ocean_custom_footer_template":"0","footnotes":""},"class_list":["post-1323","page","type-page","status-publish","hentry","entry"],"yoast_head":"<!-- This site is optimized with the Yoast SEO plugin v26.1.1 - https:\/\/yoast.com\/wordpress\/plugins\/seo\/ -->\n<title>Eye-Liner - Un regard parfait<\/title>\n<meta name=\"description\" content=\"Envie d&#039;en finir avec la corv\u00e9e du maquillage. Le maquillage permanent des yeux, avec le trait d&#039;eye-liner est fait pour vous.\" \/>\n<meta name=\"robots\" content=\"index, follow, max-snippet:-1, max-image-preview:large, max-video-preview:-1\" \/>\n<link rel=\"canonical\" href=\"https:\/\/unregardparfait.fr\/index.php\/eye-liner\/\" \/>\n<meta property=\"og:locale\" content=\"fr_FR\" \/>\n<meta property=\"og:type\" content=\"article\" \/>\n<meta property=\"og:title\" content=\"Eye-Liner - Un regard parfait\" \/>\n<meta property=\"og:description\" content=\"Envie d&#039;en finir avec la corv\u00e9e du maquillage. Le maquillage permanent des yeux, avec le trait d&#039;eye-liner est fait pour vous.\" \/>\n<meta property=\"og:url\" content=\"https:\/\/unregardparfait.fr\/index.php\/eye-liner\/\" \/>\n<meta property=\"og:site_name\" content=\"Un regard parfait\" \/>\n<meta property=\"article:modified_time\" content=\"2020-06-28T15:47:45+00:00\" \/>\n<meta name=\"twitter:card\" content=\"summary_large_image\" \/>\n<meta name=\"twitter:label1\" content=\"Dur\u00e9e de lecture estim\u00e9e\" \/>\n\t<meta name=\"twitter:data1\" content=\"1 minute\" \/>\n<script type=\"application\/ld+json\" class=\"yoast-schema-graph\">{\"@context\":\"https:\/\/schema.org\",\"@graph\":[{\"@type\":\"WebPage\",\"@id\":\"https:\/\/unregardparfait.fr\/index.php\/eye-liner\/\",\"url\":\"https:\/\/unregardparfait.fr\/index.php\/eye-liner\/\",\"name\":\"Eye-Liner - Un regard parfait\",\"isPartOf\":{\"@id\":\"https:\/\/unregardparfait.fr\/#website\"},\"datePublished\":\"2020-06-01T10:46:28+00:00\",\"dateModified\":\"2020-06-28T15:47:45+00:00\",\"description\":\"Envie d'en finir avec la corv\u00e9e du maquillage. Le maquillage permanent des yeux, avec le trait d'eye-liner est fait pour vous.\",\"breadcrumb\":{\"@id\":\"https:\/\/unregardparfait.fr\/index.php\/eye-liner\/#breadcrumb\"},\"inLanguage\":\"fr-FR\",\"potentialAction\":[{\"@type\":\"ReadAction\",\"target\":[\"https:\/\/unregardparfait.fr\/index.php\/eye-liner\/\"]}]},{\"@type\":\"BreadcrumbList\",\"@id\":\"https:\/\/unregardparfait.fr\/index.php\/eye-liner\/#breadcrumb\",\"itemListElement\":[{\"@type\":\"ListItem\",\"position\":1,\"name\":\"Accueil\",\"item\":\"https:\/\/unregardparfait.fr\/\"},{\"@type\":\"ListItem\",\"position\":2,\"name\":\"Eye-Liner\"}]},{\"@type\":\"WebSite\",\"@id\":\"https:\/\/unregardparfait.fr\/#website\",\"url\":\"https:\/\/unregardparfait.fr\/\",\"name\":\"Un regard parfait\",\"description\":\"\",\"potentialAction\":[{\"@type\":\"SearchAction\",\"target\":{\"@type\":\"EntryPoint\",\"urlTemplate\":\"https:\/\/unregardparfait.fr\/?s={search_term_string}\"},\"query-input\":{\"@type\":\"PropertyValueSpecification\",\"valueRequired\":true,\"valueName\":\"search_term_string\"}}],\"inLanguage\":\"fr-FR\"}]}<\/script>\n<!-- \/ Yoast SEO plugin. -->","yoast_head_json":{"title":"Eye-Liner - Un regard parfait","description":"Envie d'en finir avec la corv\u00e9e du maquillage. Le maquillage permanent des yeux, avec le trait d'eye-liner est fait pour vous.","robots":{"index":"index","follow":"follow","max-snippet":"max-snippet:-1","max-image-preview":"max-image-preview:large","max-video-preview":"max-video-preview:-1"},"canonical":"https:\/\/unregardparfait.fr\/index.php\/eye-liner\/","og_locale":"fr_FR","og_type":"article","og_title":"Eye-Liner - Un regard parfait","og_description":"Envie d'en finir avec la corv\u00e9e du maquillage. Le maquillage permanent des yeux, avec le trait d'eye-liner est fait pour vous.","og_url":"https:\/\/unregardparfait.fr\/index.php\/eye-liner\/","og_site_name":"Un regard parfait","article_modified_time":"2020-06-28T15:47:45+00:00","twitter_card":"summary_large_image","twitter_misc":{"Dur\u00e9e de lecture estim\u00e9e":"1 minute"},"schema":{"@context":"https:\/\/schema.org","@graph":[{"@type":"WebPage","@id":"https:\/\/unregardparfait.fr\/index.php\/eye-liner\/","url":"https:\/\/unregardparfait.fr\/index.php\/eye-liner\/","name":"Eye-Liner - Un regard parfait","isPartOf":{"@id":"https:\/\/unregardparfait.fr\/#website"},"datePublished":"2020-06-01T10:46:28+00:00","dateModified":"2020-06-28T15:47:45+00:00","description":"Envie d'en finir avec la corv\u00e9e du maquillage. Le maquillage permanent des yeux, avec le trait d'eye-liner est fait pour vous.","breadcrumb":{"@id":"https:\/\/unregardparfait.fr\/index.php\/eye-liner\/#breadcrumb"},"inLanguage":"fr-FR","potentialAction":[{"@type":"ReadAction","target":["https:\/\/unregardparfait.fr\/index.php\/eye-liner\/"]}]},{"@type":"BreadcrumbList","@id":"https:\/\/unregardparfait.fr\/index.php\/eye-liner\/#breadcrumb","itemListElement":[{"@type":"ListItem","position":1,"name":"Accueil","item":"https:\/\/unregardparfait.fr\/"},{"@type":"ListItem","position":2,"name":"Eye-Liner"}]},{"@type":"WebSite","@id":"https:\/\/unregardparfait.fr\/#website","url":"https:\/\/unregardparfait.fr\/","name":"Un regard parfait","description":"","potentialAction":[{"@type":"SearchAction","target":{"@type":"EntryPoint","urlTemplate":"https:\/\/unregardparfait.fr\/?s={search_term_string}"},"query-input":{"@type":"PropertyValueSpecification","valueRequired":true,"valueName":"search_term_string"}}],"inLanguage":"fr-FR"}]}},"_links":{"self":[{"href":"https:\/\/unregardparfait.fr\/index.php\/wp-json\/wp\/v2\/pages\/1323","targetHints":{"allow":["GET"]}}],"collection":[{"href":"https:\/\/unregardparfait.fr\/index.php\/wp-json\/wp\/v2\/pages"}],"about":[{"href":"https:\/\/unregardparfait.fr\/index.php\/wp-json\/wp\/v2\/types\/page"}],"author":[{"embeddable":true,"href":"https:\/\/unregardparfait.fr\/index.php\/wp-json\/wp\/v2\/users\/1"}],"replies":[{"embeddable":true,"href":"https:\/\/unregardparfait.fr\/index.php\/wp-json\/wp\/v2\/comments?post=1323"}],"version-history":[{"count":12,"href":"https:\/\/unregardparfait.fr\/index.php\/wp-json\/wp\/v2\/pages\/1323\/revisions"}],"predecessor-version":[{"id":1644,"href":"https:\/\/unregardparfait.fr\/index.php\/wp-json\/wp\/v2\/pages\/1323\/revisions\/1644"}],"wp:attachment":[{"href":"https:\/\/unregardparfait.fr\/index.php\/wp-json\/wp\/v2\/media?parent=1323"}],"curies":[{"name":"wp","href":"https:\/\/api.w.org\/{rel}","templated":true}]}}