{"id":16,"date":"2019-07-18T10:37:23","date_gmt":"2019-07-18T08:37:23","guid":{"rendered":"http:\/\/unregardparfait.fr\/?page_id=16"},"modified":"2020-06-28T17:47:53","modified_gmt":"2020-06-28T15:47:53","slug":"levres","status":"publish","type":"page","link":"https:\/\/unregardparfait.fr\/index.php\/levres\/","title":{"rendered":"L\u00e8vres"},"content":{"rendered":"\t\t<div data-elementor-type=\"wp-page\" data-elementor-id=\"16\" class=\"elementor elementor-16\">\n\t\t\t\t\t\t<section class=\"elementor-section elementor-top-section elementor-element elementor-element-f847432 elementor-section-stretched elementor-section-full_width elementor-section-height-default elementor-section-height-default\" data-id=\"f847432\" data-element_type=\"section\" data-settings=\"{&quot;stretch_section&quot;:&quot;section-stretched&quot;}\">\n\t\t\t\t\t\t<div class=\"elementor-container elementor-column-gap-default\">\n\t\t\t\t\t<div class=\"elementor-column elementor-col-100 elementor-top-column elementor-element elementor-element-d2fcce8\" data-id=\"d2fcce8\" data-element_type=\"column\" data-settings=\"{&quot;background_background&quot;:&quot;classic&quot;}\">\n\t\t\t<div class=\"elementor-widget-wrap elementor-element-populated\">\n\t\t\t\t\t\t<section class=\"elementor-section elementor-inner-section elementor-element elementor-element-3bb9437 elementor-section-boxed elementor-section-height-default elementor-section-height-default\" data-id=\"3bb9437\" data-element_type=\"section\">\n\t\t\t\t\t\t<div class=\"elementor-container elementor-column-gap-default\">\n\t\t\t\t\t<div class=\"elementor-column elementor-col-50 elementor-inner-column elementor-element elementor-element-5d2e8c0\" data-id=\"5d2e8c0\" data-element_type=\"column\" data-settings=\"{&quot;background_background&quot;:&quot;classic&quot;}\">\n\t\t\t<div class=\"elementor-widget-wrap elementor-element-populated\">\n\t\t\t\t\t\t<div class=\"elementor-element elementor-element-6ca0ea2 elementor-widget elementor-widget-heading\" data-id=\"6ca0ea2\" data-element_type=\"widget\" data-widget_type=\"heading.default\">\n\t\t\t\t<div class=\"elementor-widget-container\">\n\t\t\t\t\t<h2 class=\"elementor-heading-title elementor-size-default\"><br>Maquillage permanent des l\u00e8vres<br><\/h2>\t\t\t\t<\/div>\n\t\t\t\t<\/div>\n\t\t\t\t<div class=\"elementor-element elementor-element-08e252e elementor-widget-divider--view-line elementor-widget elementor-widget-divider\" data-id=\"08e252e\" data-element_type=\"widget\" data-widget_type=\"divider.default\">\n\t\t\t\t<div class=\"elementor-widget-container\">\n\t\t\t\t\t\t\t<div class=\"elementor-divider\">\n\t\t\t<span class=\"elementor-divider-separator\">\n\t\t\t\t\t\t<\/span>\n\t\t<\/div>\n\t\t\t\t\t\t<\/div>\n\t\t\t\t<\/div>\n\t\t\t\t<div class=\"elementor-element elementor-element-6c736c3 elementor-widget elementor-widget-heading\" data-id=\"6c736c3\" data-element_type=\"widget\" data-widget_type=\"heading.default\">\n\t\t\t\t<div class=\"elementor-widget-container\">\n\t\t\t\t\t<h2 class=\"elementor-heading-title elementor-size-default\">A QUI S'ADRESSE CETTE PRESTATION?<\/h2>\t\t\t\t<\/div>\n\t\t\t\t<\/div>\n\t\t\t\t<div class=\"elementor-element elementor-element-69d6441 elementor-widget elementor-widget-text-editor\" data-id=\"69d6441\" data-element_type=\"widget\" data-widget_type=\"text-editor.default\">\n\t\t\t\t<div class=\"elementor-widget-container\">\n\t\t\t\t\t\t\t\t\t<ul><li><span style=\"font-size: 10.5pt; line-height: 16.1px; font-family: Arial; background-image: initial; background-position: initial; background-size: initial; background-repeat: initial; background-attachment: initial; background-origin: initial; background-clip: initial;\">Aux femmes qui veulent des\u00a0<\/span><span style=\"font-family: Arial; font-size: 10.5pt; text-indent: -18pt;\">l\u00e8vres pulpeuses.<\/span><\/li><li><span style=\"font-family: Arial; font-size: 10.5pt; text-indent: -18pt;\">Celles qui souhaitent modifier le contour de leur bouche<\/span><\/li><li><span style=\"font-family: Arial; font-size: 10.5pt; text-indent: -18pt;\">Vous avez des l\u00e8vres trop fines ? trop claires ?<\/span><\/li><li><span style=\"font-family: Arial; font-size: 10.5pt; text-indent: -18pt;\">Vous avez une fente labiale ou une asym\u00e9trie g\u00eanante ?<\/span><\/li><li><span style=\"font-family: Arial; font-size: 10.5pt; text-indent: -18pt;\">Aux femmes qui souhaitent\u00a0<\/span><span style=\"font-family: Arial; font-size: 10.5pt; text-indent: -18pt;\">redonner de la couleur \u00e0 leurs\u00a0<\/span><span style=\"font-family: Arial; font-size: 10.5pt; text-indent: -18pt;\">l\u00e8vres pour obtenir un v\u00e9ritable\u00a0<\/span><span style=\"font-family: Arial; font-size: 10.5pt; text-indent: -18pt;\">effet Anti-\u00e2ge.<\/span><\/li><\/ul>\t\t\t\t\t\t\t\t<\/div>\n\t\t\t\t<\/div>\n\t\t\t\t\t<\/div>\n\t\t<\/div>\n\t\t\t\t<div class=\"elementor-column elementor-col-50 elementor-inner-column elementor-element elementor-element-64133bf\" data-id=\"64133bf\" data-element_type=\"column\">\n\t\t\t<div class=\"elementor-widget-wrap elementor-element-populated\">\n\t\t\t\t\t\t\t<\/div>\n\t\t<\/div>\n\t\t\t\t\t<\/div>\n\t\t<\/section>\n\t\t\t\t\t<\/div>\n\t\t<\/div>\n\t\t\t\t\t<\/div>\n\t\t<\/section>\n\t\t\t\t<section class=\"elementor-section elementor-top-section elementor-element elementor-element-1d25845 elementor-section-stretched elementor-section-boxed elementor-section-height-default elementor-section-height-default\" data-id=\"1d25845\" data-element_type=\"section\" data-settings=\"{&quot;stretch_section&quot;:&quot;section-stretched&quot;}\">\n\t\t\t\t\t\t<div class=\"elementor-container elementor-column-gap-default\">\n\t\t\t\t\t<div class=\"elementor-column elementor-col-100 elementor-top-column elementor-element elementor-element-eb94668\" data-id=\"eb94668\" data-element_type=\"column\" data-settings=\"{&quot;background_background&quot;:&quot;classic&quot;}\">\n\t\t\t<div class=\"elementor-widget-wrap elementor-element-populated\">\n\t\t\t\t\t\t<div class=\"elementor-element elementor-element-f5aba26 elementor-widget elementor-widget-heading\" data-id=\"f5aba26\" data-element_type=\"widget\" data-widget_type=\"heading.default\">\n\t\t\t\t<div class=\"elementor-widget-container\">\n\t\t\t\t\t<h2 class=\"elementor-heading-title elementor-size-default\">Maquillage permanent des l\u00e8vres : QUELLES TECHNIQUES SONT UTILISEES?<\/h2>\t\t\t\t<\/div>\n\t\t\t\t<\/div>\n\t\t\t\t<div class=\"elementor-element elementor-element-8301ce5 elementor-widget-divider--view-line elementor-widget elementor-widget-divider\" data-id=\"8301ce5\" data-element_type=\"widget\" data-widget_type=\"divider.default\">\n\t\t\t\t<div class=\"elementor-widget-container\">\n\t\t\t\t\t\t\t<div class=\"elementor-divider\">\n\t\t\t<span class=\"elementor-divider-separator\">\n\t\t\t\t\t\t<\/span>\n\t\t<\/div>\n\t\t\t\t\t\t<\/div>\n\t\t\t\t<\/div>\n\t\t\t\t<div class=\"elementor-element elementor-element-4f60bd8 elementor-widget elementor-widget-text-editor\" data-id=\"4f60bd8\" data-element_type=\"widget\" data-widget_type=\"text-editor.default\">\n\t\t\t\t<div class=\"elementor-widget-container\">\n\t\t\t\t\t\t\t\t\t<p style=\"font-variant-ligatures: normal; font-variant-caps: normal; font-family: 'Open Sans', sans-serif; font-size: 14px; font-style: normal; color: #000000;\"><b style=\"font-size: 14px; font-style: normal; font-variant-ligatures: normal; font-variant-caps: normal; font-family: Calibri; text-align: justify;\"><span style=\"font-size: 10.5pt; line-height: 16.1px; font-family: Arial;\">La Dermopigmentation<\/span><\/b><span style=\"font-size: 10.5pt; font-style: normal; font-variant-ligatures: normal; font-variant-caps: normal; font-weight: 400; text-align: justify; line-height: 16.1px; font-family: Arial;\">&nbsp;: A l\u2019aide d\u2019un stylo Dermographe afin d\u2019obtenir une belle bouche.<\/span><\/p>\n<ul>\n<li><span style=\"font-style: normal; font-variant-ligatures: normal; font-variant-caps: normal; text-align: justify; background-image: initial; background-position: initial; background-size: initial; background-repeat: initial; background-attachment: initial; background-origin: initial; background-clip: initial; text-indent: -18pt; font-size: 10.5pt; line-height: 16.1px; font-family: Arial;\"><b>BOUCHE BISOUS&nbsp;<\/b><\/span><span style=\"font-style: normal; font-variant-ligatures: normal; font-variant-caps: normal; font-weight: 400; text-align: justify; background-image: initial; background-position: initial; background-size: initial; background-repeat: initial; background-attachment: initial; background-origin: initial; background-clip: initial; text-indent: -18pt; font-size: 10.5pt; line-height: 16.1px; font-family: Arial;\">: Contour pr\u00e9cis et remplissage avec la couleur de votre choix.<\/span><\/li>\n<li><span style=\"font-style: normal; font-variant-ligatures: normal; font-variant-caps: normal; text-align: justify; text-indent: -18pt; font-size: 10.5pt; line-height: 16.1px; font-family: Arial;\"><b>VELVET LIPS<\/b><\/span><span style=\"font-style: normal; font-variant-ligatures: normal; font-variant-caps: normal; font-weight: 400; text-align: justify; text-indent: -18pt; font-size: 10.5pt; line-height: 16.1px; font-family: Arial;\">&nbsp;: L\u00e9ger d\u00e9grad\u00e9 sur le contour et remplissage avec la couleur de votre choix.&nbsp; &nbsp; &nbsp; &nbsp; &nbsp;<\/span><\/li>\n<li><span style=\"font-family: Arial; font-size: 10.5pt; text-align: justify; text-indent: -18pt;\">Contour des l\u00e8vres&nbsp;&nbsp;<\/span><\/li>\n<\/ul>\n<p style=\"margin: 0cm 0cm 10pt; line-height: 16.8667px; font-size: 11pt; font-family: Calibri; color: #000000; font-style: normal; font-variant-ligatures: normal; font-variant-caps: normal; font-weight: 400;\"><span style=\"font-size: 10.5pt; line-height: 16.1px; font-family: Arial; background-image: initial; background-position: initial; background-size: initial; background-repeat: initial; background-attachment: initial; background-origin: initial; background-clip: initial;\">Choisir de faire un maquillage permanent des l\u00e8vres, vous permet, de toujours avoir des l\u00e8vres subtilement maquill\u00e9es et en toutes circonstances.&nbsp;<\/span><\/p>\n<p style=\"margin: 0cm 0cm 10pt; line-height: 16.8667px; font-size: 11pt; font-family: Calibri; color: #000000; font-style: normal; font-variant-ligatures: normal; font-variant-caps: normal; font-weight: 400;\"><span style=\"font-size: 10.5pt; line-height: 16.1px; font-family: Arial; background-image: initial; background-position: initial; background-size: initial; background-repeat: initial; background-attachment: initial; background-origin: initial; background-clip: initial;\">Que vous souhaitiez un contour tr\u00e8s fin pour dessiner vos l\u00e8vres, ou au contraire, un contour fondu, le r\u00e9sultat reste naturel et mettra en valeur&nbsp;<\/span><\/p><p style=\"margin: 0cm 0cm 10pt; line-height: 16.8667px; font-size: 11pt; font-family: Calibri; color: #000000; font-style: normal; font-variant-ligatures: normal; font-variant-caps: normal; font-weight: 400;\"><span style=\"font-size: 10.5pt; line-height: 16.1px; font-family: Arial; background-image: initial; background-position: initial; background-size: initial; background-repeat: initial; background-attachment: initial; background-origin: initial; background-clip: initial;\">vos atouts f\u00e9minins en toutes circonstances.<\/span><\/p>\n<p style=\"margin: 0cm 0cm 10pt; line-height: 16.8667px; font-size: 11pt; font-family: Calibri; color: #000000; font-style: normal; font-variant-ligatures: normal; font-variant-caps: normal; font-weight: 400;\"><span style=\"font-size: 10.5pt; line-height: 16.1px; font-family: Arial; background-image: initial; background-position: initial; background-size: initial; background-repeat: initial; background-attachment: initial; background-origin: initial; background-clip: initial;\">Lors du 1er RDV, nous d\u00e9finissons ensemble la technique qui sera la plus adapt\u00e9e \u00e0 votre demande.<\/span><\/p>\t\t\t\t\t\t\t\t<\/div>\n\t\t\t\t<\/div>\n\t\t\t\t\t<\/div>\n\t\t<\/div>\n\t\t\t\t\t<\/div>\n\t\t<\/section>\n\t\t\t\t<section class=\"elementor-section elementor-top-section elementor-element elementor-element-220454c elementor-section-boxed elementor-section-height-default elementor-section-height-default\" data-id=\"220454c\" data-element_type=\"section\">\n\t\t\t\t\t\t<div class=\"elementor-container elementor-column-gap-default\">\n\t\t\t\t\t<div class=\"elementor-column elementor-col-100 elementor-top-column elementor-element elementor-element-cd0cb02\" data-id=\"cd0cb02\" data-element_type=\"column\">\n\t\t\t<div class=\"elementor-widget-wrap elementor-element-populated\">\n\t\t\t\t\t\t<div class=\"elementor-element elementor-element-7fb3412 elementor-align-center elementor-widget elementor-widget-button\" data-id=\"7fb3412\" data-element_type=\"widget\" data-widget_type=\"button.default\">\n\t\t\t\t<div class=\"elementor-widget-container\">\n\t\t\t\t\t\t\t\t\t<div class=\"elementor-button-wrapper\">\n\t\t\t\t\t<a class=\"elementor-button elementor-button-link elementor-size-lg\" href=\"http:\/\/unregardparfait.fr\/index.php\/contact\/\">\n\t\t\t\t\t\t<span class=\"elementor-button-content-wrapper\">\n\t\t\t\t\t\t\t\t\t<span class=\"elementor-button-text\">CONTACT<\/span>\n\t\t\t\t\t<\/span>\n\t\t\t\t\t<\/a>\n\t\t\t\t<\/div>\n\t\t\t\t\t\t\t\t<\/div>\n\t\t\t\t<\/div>\n\t\t\t\t\t<\/div>\n\t\t<\/div>\n\t\t\t\t\t<\/div>\n\t\t<\/section>\n\t\t\t\t<\/div>\n\t\t","protected":false},"excerpt":{"rendered":"<p>Maquillage permanent des l\u00e8vres A QUI S&rsquo;ADRESSE CETTE PRESTATION? Aux femmes qui veulent des\u00a0l\u00e8vres pulpeuses. Celles qui souhaitent modifier le contour de leur bouche Vous avez des l\u00e8vres trop fines ? trop claires ? Vous avez une fente labiale ou une asym\u00e9trie g\u00eanante ? Aux femmes qui souhaitent\u00a0redonner de la couleur \u00e0 leurs\u00a0l\u00e8vres pour obtenir [&hellip;]<\/p>\n","protected":false},"author":1,"featured_media":0,"parent":0,"menu_order":0,"comment_status":"closed","ping_status":"closed","template":"","meta":{"_monsterinsights_skip_tracking":false,"_monsterinsights_sitenote_active":false,"_monsterinsights_sitenote_note":"","_monsterinsights_sitenote_category":0,"ocean_post_layout":"","ocean_both_sidebars_style":"","ocean_both_sidebars_content_width":0,"ocean_both_sidebars_sidebars_width":0,"ocean_sidebar":"0","ocean_second_sidebar":"0","ocean_disable_margins":"enable","ocean_add_body_class":"","ocean_shortcode_before_top_bar":"","ocean_shortcode_after_top_bar":"","ocean_shortcode_before_header":"","ocean_shortcode_after_header":"","ocean_has_shortcode":"","ocean_shortcode_after_title":"","ocean_shortcode_before_footer_widgets":"","ocean_shortcode_after_footer_widgets":"","ocean_shortcode_before_footer_bottom":"","ocean_shortcode_after_footer_bottom":"","ocean_display_top_bar":"off","ocean_display_header":"on","ocean_header_style":"custom","ocean_center_header_left_menu":"0","ocean_custom_header_template":"932","ocean_custom_logo":0,"ocean_custom_retina_logo":0,"ocean_custom_logo_max_width":0,"ocean_custom_logo_tablet_max_width":0,"ocean_custom_logo_mobile_max_width":0,"ocean_custom_logo_max_height":0,"ocean_custom_logo_tablet_max_height":0,"ocean_custom_logo_mobile_max_height":0,"ocean_header_custom_menu":"0","ocean_menu_typo_font_family":"0","ocean_menu_typo_font_subset":"","ocean_menu_typo_font_size":0,"ocean_menu_typo_font_size_tablet":0,"ocean_menu_typo_font_size_mobile":0,"ocean_menu_typo_font_size_unit":"px","ocean_menu_typo_font_weight":"","ocean_menu_typo_font_weight_tablet":"","ocean_menu_typo_font_weight_mobile":"","ocean_menu_typo_transform":"","ocean_menu_typo_transform_tablet":"","ocean_menu_typo_transform_mobile":"","ocean_menu_typo_line_height":0,"ocean_menu_typo_line_height_tablet":0,"ocean_menu_typo_line_height_mobile":0,"ocean_menu_typo_line_height_unit":"","ocean_menu_typo_spacing":0,"ocean_menu_typo_spacing_tablet":0,"ocean_menu_typo_spacing_mobile":0,"ocean_menu_typo_spacing_unit":"","ocean_menu_link_color":"","ocean_menu_link_color_hover":"","ocean_menu_link_color_active":"","ocean_menu_link_background":"","ocean_menu_link_hover_background":"","ocean_menu_link_active_background":"","ocean_menu_social_links_bg":"","ocean_menu_social_hover_links_bg":"","ocean_menu_social_links_color":"","ocean_menu_social_hover_links_color":"","ocean_disable_title":"default","ocean_disable_heading":"default","ocean_post_title":"","ocean_post_subheading":"","ocean_post_title_style":"","ocean_post_title_background_color":"","ocean_post_title_background":0,"ocean_post_title_bg_image_position":"","ocean_post_title_bg_image_attachment":"","ocean_post_title_bg_image_repeat":"","ocean_post_title_bg_image_size":"","ocean_post_title_height":0,"ocean_post_title_bg_overlay":0.5,"ocean_post_title_bg_overlay_color":"","ocean_disable_breadcrumbs":"default","ocean_breadcrumbs_color":"","ocean_breadcrumbs_separator_color":"","ocean_breadcrumbs_links_color":"","ocean_breadcrumbs_links_hover_color":"","ocean_display_footer_widgets":"default","ocean_display_footer_bottom":"default","ocean_custom_footer_template":"0","footnotes":""},"class_list":["post-16","page","type-page","status-publish","hentry","entry"],"yoast_head":"<!-- This site is optimized with the Yoast SEO plugin v26.1.1 - https:\/\/yoast.com\/wordpress\/plugins\/seo\/ -->\n<title>L\u00e8vres - Un regard parfait<\/title>\n<meta name=\"description\" content=\"Maquillage semi-permanent des l\u00e8vres. Dermopigmentation pour redessiner les l\u00e8vres et le contour de la bouche. Bouche bisous ou velvet lips.\" \/>\n<meta name=\"robots\" content=\"index, follow, max-snippet:-1, max-image-preview:large, max-video-preview:-1\" \/>\n<link rel=\"canonical\" href=\"https:\/\/unregardparfait.fr\/index.php\/levres\/\" \/>\n<meta property=\"og:locale\" content=\"fr_FR\" \/>\n<meta property=\"og:type\" content=\"article\" \/>\n<meta property=\"og:title\" content=\"L\u00e8vres - Un regard parfait\" \/>\n<meta property=\"og:description\" content=\"Maquillage semi-permanent des l\u00e8vres. Dermopigmentation pour redessiner les l\u00e8vres et le contour de la bouche. Bouche bisous ou velvet lips.\" \/>\n<meta property=\"og:url\" content=\"https:\/\/unregardparfait.fr\/index.php\/levres\/\" \/>\n<meta property=\"og:site_name\" content=\"Un regard parfait\" \/>\n<meta property=\"article:modified_time\" content=\"2020-06-28T15:47:53+00:00\" \/>\n<meta name=\"twitter:card\" content=\"summary_large_image\" \/>\n<meta name=\"twitter:label1\" content=\"Dur\u00e9e de lecture estim\u00e9e\" \/>\n\t<meta name=\"twitter:data1\" content=\"1 minute\" \/>\n<script type=\"application\/ld+json\" class=\"yoast-schema-graph\">{\"@context\":\"https:\/\/schema.org\",\"@graph\":[{\"@type\":\"WebPage\",\"@id\":\"https:\/\/unregardparfait.fr\/index.php\/levres\/\",\"url\":\"https:\/\/unregardparfait.fr\/index.php\/levres\/\",\"name\":\"L\u00e8vres - Un regard parfait\",\"isPartOf\":{\"@id\":\"https:\/\/unregardparfait.fr\/#website\"},\"datePublished\":\"2019-07-18T08:37:23+00:00\",\"dateModified\":\"2020-06-28T15:47:53+00:00\",\"description\":\"Maquillage semi-permanent des l\u00e8vres. Dermopigmentation pour redessiner les l\u00e8vres et le contour de la bouche. Bouche bisous ou velvet lips.\",\"breadcrumb\":{\"@id\":\"https:\/\/unregardparfait.fr\/index.php\/levres\/#breadcrumb\"},\"inLanguage\":\"fr-FR\",\"potentialAction\":[{\"@type\":\"ReadAction\",\"target\":[\"https:\/\/unregardparfait.fr\/index.php\/levres\/\"]}]},{\"@type\":\"BreadcrumbList\",\"@id\":\"https:\/\/unregardparfait.fr\/index.php\/levres\/#breadcrumb\",\"itemListElement\":[{\"@type\":\"ListItem\",\"position\":1,\"name\":\"Accueil\",\"item\":\"https:\/\/unregardparfait.fr\/\"},{\"@type\":\"ListItem\",\"position\":2,\"name\":\"L\u00e8vres\"}]},{\"@type\":\"WebSite\",\"@id\":\"https:\/\/unregardparfait.fr\/#website\",\"url\":\"https:\/\/unregardparfait.fr\/\",\"name\":\"Un regard parfait\",\"description\":\"\",\"potentialAction\":[{\"@type\":\"SearchAction\",\"target\":{\"@type\":\"EntryPoint\",\"urlTemplate\":\"https:\/\/unregardparfait.fr\/?s={search_term_string}\"},\"query-input\":{\"@type\":\"PropertyValueSpecification\",\"valueRequired\":true,\"valueName\":\"search_term_string\"}}],\"inLanguage\":\"fr-FR\"}]}<\/script>\n<!-- \/ Yoast SEO plugin. -->","yoast_head_json":{"title":"L\u00e8vres - Un regard parfait","description":"Maquillage semi-permanent des l\u00e8vres. Dermopigmentation pour redessiner les l\u00e8vres et le contour de la bouche. Bouche bisous ou velvet lips.","robots":{"index":"index","follow":"follow","max-snippet":"max-snippet:-1","max-image-preview":"max-image-preview:large","max-video-preview":"max-video-preview:-1"},"canonical":"https:\/\/unregardparfait.fr\/index.php\/levres\/","og_locale":"fr_FR","og_type":"article","og_title":"L\u00e8vres - Un regard parfait","og_description":"Maquillage semi-permanent des l\u00e8vres. Dermopigmentation pour redessiner les l\u00e8vres et le contour de la bouche. Bouche bisous ou velvet lips.","og_url":"https:\/\/unregardparfait.fr\/index.php\/levres\/","og_site_name":"Un regard parfait","article_modified_time":"2020-06-28T15:47:53+00:00","twitter_card":"summary_large_image","twitter_misc":{"Dur\u00e9e de lecture estim\u00e9e":"1 minute"},"schema":{"@context":"https:\/\/schema.org","@graph":[{"@type":"WebPage","@id":"https:\/\/unregardparfait.fr\/index.php\/levres\/","url":"https:\/\/unregardparfait.fr\/index.php\/levres\/","name":"L\u00e8vres - Un regard parfait","isPartOf":{"@id":"https:\/\/unregardparfait.fr\/#website"},"datePublished":"2019-07-18T08:37:23+00:00","dateModified":"2020-06-28T15:47:53+00:00","description":"Maquillage semi-permanent des l\u00e8vres. Dermopigmentation pour redessiner les l\u00e8vres et le contour de la bouche. Bouche bisous ou velvet lips.","breadcrumb":{"@id":"https:\/\/unregardparfait.fr\/index.php\/levres\/#breadcrumb"},"inLanguage":"fr-FR","potentialAction":[{"@type":"ReadAction","target":["https:\/\/unregardparfait.fr\/index.php\/levres\/"]}]},{"@type":"BreadcrumbList","@id":"https:\/\/unregardparfait.fr\/index.php\/levres\/#breadcrumb","itemListElement":[{"@type":"ListItem","position":1,"name":"Accueil","item":"https:\/\/unregardparfait.fr\/"},{"@type":"ListItem","position":2,"name":"L\u00e8vres"}]},{"@type":"WebSite","@id":"https:\/\/unregardparfait.fr\/#website","url":"https:\/\/unregardparfait.fr\/","name":"Un regard parfait","description":"","potentialAction":[{"@type":"SearchAction","target":{"@type":"EntryPoint","urlTemplate":"https:\/\/unregardparfait.fr\/?s={search_term_string}"},"query-input":{"@type":"PropertyValueSpecification","valueRequired":true,"valueName":"search_term_string"}}],"inLanguage":"fr-FR"}]}},"_links":{"self":[{"href":"https:\/\/unregardparfait.fr\/index.php\/wp-json\/wp\/v2\/pages\/16","targetHints":{"allow":["GET"]}}],"collection":[{"href":"https:\/\/unregardparfait.fr\/index.php\/wp-json\/wp\/v2\/pages"}],"about":[{"href":"https:\/\/unregardparfait.fr\/index.php\/wp-json\/wp\/v2\/types\/page"}],"author":[{"embeddable":true,"href":"https:\/\/unregardparfait.fr\/index.php\/wp-json\/wp\/v2\/users\/1"}],"replies":[{"embeddable":true,"href":"https:\/\/unregardparfait.fr\/index.php\/wp-json\/wp\/v2\/comments?post=16"}],"version-history":[{"count":43,"href":"https:\/\/unregardparfait.fr\/index.php\/wp-json\/wp\/v2\/pages\/16\/revisions"}],"predecessor-version":[{"id":1645,"href":"https:\/\/unregardparfait.fr\/index.php\/wp-json\/wp\/v2\/pages\/16\/revisions\/1645"}],"wp:attachment":[{"href":"https:\/\/unregardparfait.fr\/index.php\/wp-json\/wp\/v2\/media?parent=16"}],"curies":[{"name":"wp","href":"https:\/\/api.w.org\/{rel}","templated":true}]}}