{"id":596,"date":"2020-02-10T14:29:12","date_gmt":"2020-02-10T13:29:12","guid":{"rendered":"http:\/\/unregardparfait.fr\/?page_id=596"},"modified":"2023-07-18T17:45:45","modified_gmt":"2023-07-18T15:45:45","slug":"a-propos-2","status":"publish","type":"page","link":"https:\/\/unregardparfait.fr\/index.php\/a-propos-2\/","title":{"rendered":"QUI EST CARITA?"},"content":{"rendered":"\t\t<div data-elementor-type=\"wp-page\" data-elementor-id=\"596\" class=\"elementor elementor-596\">\n\t\t\t\t\t\t<section class=\"elementor-section elementor-top-section elementor-element elementor-element-6950853 elementor-section-stretched elementor-section-full_width elementor-section-height-default elementor-section-height-default\" data-id=\"6950853\" data-element_type=\"section\" data-settings=\"{&quot;stretch_section&quot;:&quot;section-stretched&quot;}\">\n\t\t\t\t\t\t<div class=\"elementor-container elementor-column-gap-default\">\n\t\t\t\t\t<div class=\"elementor-column elementor-col-100 elementor-top-column elementor-element elementor-element-be77dbb\" data-id=\"be77dbb\" data-element_type=\"column\" data-settings=\"{&quot;background_background&quot;:&quot;classic&quot;}\">\n\t\t\t<div class=\"elementor-widget-wrap elementor-element-populated\">\n\t\t\t\t\t\t<div class=\"elementor-element elementor-element-7c1a3e3 elementor-widget elementor-widget-heading\" data-id=\"7c1a3e3\" data-element_type=\"widget\" data-widget_type=\"heading.default\">\n\t\t\t\t<div class=\"elementor-widget-container\">\n\t\t\t\t\t<h1 class=\"elementor-heading-title elementor-size-default\">CARITA<\/h1>\t\t\t\t<\/div>\n\t\t\t\t<\/div>\n\t\t\t\t<div class=\"elementor-element elementor-element-cb3be4b elementor-widget-divider--view-line elementor-widget elementor-widget-divider\" data-id=\"cb3be4b\" data-element_type=\"widget\" data-widget_type=\"divider.default\">\n\t\t\t\t<div class=\"elementor-widget-container\">\n\t\t\t\t\t\t\t<div class=\"elementor-divider\">\n\t\t\t<span class=\"elementor-divider-separator\">\n\t\t\t\t\t\t<\/span>\n\t\t<\/div>\n\t\t\t\t\t\t<\/div>\n\t\t\t\t<\/div>\n\t\t\t\t<section class=\"elementor-section elementor-inner-section elementor-element elementor-element-96fbb36 elementor-section-boxed elementor-section-height-default elementor-section-height-default\" data-id=\"96fbb36\" data-element_type=\"section\">\n\t\t\t\t\t\t<div class=\"elementor-container elementor-column-gap-default\">\n\t\t\t\t\t<div class=\"elementor-column elementor-col-50 elementor-inner-column elementor-element elementor-element-7951284\" data-id=\"7951284\" data-element_type=\"column\">\n\t\t\t<div class=\"elementor-widget-wrap elementor-element-populated\">\n\t\t\t\t\t\t<div class=\"elementor-element elementor-element-827d35c elementor-widget elementor-widget-text-editor\" data-id=\"827d35c\" data-element_type=\"widget\" data-widget_type=\"text-editor.default\">\n\t\t\t\t<div class=\"elementor-widget-container\">\n\t\t\t\t\t\t\t\t\t<p>Originaire de Finlande, o\u00f9 j\u2019ai pass\u00e9 toute mon enfance et mon adolescence, je suis une passionn\u00e9e!<\/p>\n<p>Danseuse professionnelle, mannequin de haute couture, je connais l\u2019importance de l\u2019image de soi,et de celle que l\u2019on donne \u00e0 voir aux autres.C\u2019est cette exp\u00e9rience, acquise dans les shows t\u00e9l\u00e9vis\u00e9s et les plus grands cabarets du monde que je vous offre aujourd\u2019hui.&nbsp;<\/p>\n<p>Rigoureuse, minutieuse, je suis attentive \u00e0 vos besoins.&nbsp;Apr\u00e8s plusieurs formations dans les meilleures \u00e9coles&nbsp;de France,&nbsp;je mets toute mon \u00e9nergie et mon savoir faire \u00e0 votre service.<\/p>\n<p>En sublimant vos yeux ou vos l\u00e8vres, je corrigerai les traces du temps, je changerai le regard de ceux qui vous entourent,&nbsp;je vous donnerai l\u2019envie de croire en vous, d\u2019avoir confiance en vous.<\/p>\n<p><br><\/p>\t\t\t\t\t\t\t\t<\/div>\n\t\t\t\t<\/div>\n\t\t\t\t\t<\/div>\n\t\t<\/div>\n\t\t\t\t<div class=\"elementor-column elementor-col-50 elementor-inner-column elementor-element elementor-element-af622a3\" data-id=\"af622a3\" data-element_type=\"column\">\n\t\t\t<div class=\"elementor-widget-wrap elementor-element-populated\">\n\t\t\t\t\t\t<div class=\"elementor-element elementor-element-62285df elementor-widget elementor-widget-image\" data-id=\"62285df\" data-element_type=\"widget\" data-widget_type=\"image.default\">\n\t\t\t\t<div class=\"elementor-widget-container\">\n\t\t\t\t\t\t\t\t\t\t\t\t\t\t\t<img fetchpriority=\"high\" decoding=\"async\" width=\"768\" height=\"604\" src=\"https:\/\/unregardparfait.fr\/wp-content\/uploads\/2020\/05\/photo-CARITA-accueil-1-768x604.jpg\" class=\"attachment-medium_large size-medium_large wp-image-1235\" alt=\"maquillage permanent nantes\" srcset=\"https:\/\/unregardparfait.fr\/wp-content\/uploads\/2020\/05\/photo-CARITA-accueil-1-768x604.jpg 768w, https:\/\/unregardparfait.fr\/wp-content\/uploads\/2020\/05\/photo-CARITA-accueil-1-300x236.jpg 300w, https:\/\/unregardparfait.fr\/wp-content\/uploads\/2020\/05\/photo-CARITA-accueil-1-1024x806.jpg 1024w, https:\/\/unregardparfait.fr\/wp-content\/uploads\/2020\/05\/photo-CARITA-accueil-1.jpg 1266w\" sizes=\"(max-width: 768px) 100vw, 768px\" \/>\t\t\t\t\t\t\t\t\t\t\t\t\t\t\t<\/div>\n\t\t\t\t<\/div>\n\t\t\t\t\t<\/div>\n\t\t<\/div>\n\t\t\t\t\t<\/div>\n\t\t<\/section>\n\t\t\t\t<div class=\"elementor-element elementor-element-d79ede7 elementor-widget elementor-widget-heading\" data-id=\"d79ede7\" data-element_type=\"widget\" data-widget_type=\"heading.default\">\n\t\t\t\t<div class=\"elementor-widget-container\">\n\t\t\t\t\t<h2 class=\"elementor-heading-title elementor-size-default\">Le petit plus de Carita<\/h2>\t\t\t\t<\/div>\n\t\t\t\t<\/div>\n\t\t\t\t<div class=\"elementor-element elementor-element-38cb52f elementor-widget-divider--view-line elementor-widget elementor-widget-divider\" data-id=\"38cb52f\" data-element_type=\"widget\" data-widget_type=\"divider.default\">\n\t\t\t\t<div class=\"elementor-widget-container\">\n\t\t\t\t\t\t\t<div class=\"elementor-divider\">\n\t\t\t<span class=\"elementor-divider-separator\">\n\t\t\t\t\t\t<\/span>\n\t\t<\/div>\n\t\t\t\t\t\t<\/div>\n\t\t\t\t<\/div>\n\t\t\t\t<div class=\"elementor-element elementor-element-7e3b13e elementor-widget elementor-widget-text-editor\" data-id=\"7e3b13e\" data-element_type=\"widget\" data-widget_type=\"text-editor.default\">\n\t\t\t\t<div class=\"elementor-widget-container\">\n\t\t\t\t\t\t\t\t\t<p><span style=\"font-size: 14px;\"><i>Je peux vous accueillir en plusieurs langues; finlandais, anglais, italien, espagnol et fran\u00e7ais bien sur!<\/i><\/span><br><\/p>\t\t\t\t\t\t\t\t<\/div>\n\t\t\t\t<\/div>\n\t\t\t\t\t<\/div>\n\t\t<\/div>\n\t\t\t\t\t<\/div>\n\t\t<\/section>\n\t\t\t\t<section class=\"elementor-section elementor-top-section elementor-element elementor-element-2836f3c elementor-section-boxed elementor-section-height-default elementor-section-height-default\" data-id=\"2836f3c\" data-element_type=\"section\">\n\t\t\t\t\t\t<div class=\"elementor-container elementor-column-gap-default\">\n\t\t\t\t\t<div class=\"elementor-column elementor-col-25 elementor-top-column elementor-element elementor-element-11bf1eb\" data-id=\"11bf1eb\" data-element_type=\"column\">\n\t\t\t<div class=\"elementor-widget-wrap elementor-element-populated\">\n\t\t\t\t\t\t<div class=\"elementor-element elementor-element-95cc158 elementor-widget elementor-widget-image\" data-id=\"95cc158\" data-element_type=\"widget\" data-widget_type=\"image.default\">\n\t\t\t\t<div class=\"elementor-widget-container\">\n\t\t\t\t\t\t\t\t\t\t\t\t\t\t\t<img decoding=\"async\" src=\"https:\/\/unregardparfait.fr\/wp-content\/uploads\/elementor\/thumbs\/drapeau-finlande-ol0osh4cp2g1ctfmvblvue22bgazfph9rs7adygx64.png\" title=\"drapeau-finlande\" alt=\"drapeau-finlande\" loading=\"lazy\" \/>\t\t\t\t\t\t\t\t\t\t\t\t\t\t\t<\/div>\n\t\t\t\t<\/div>\n\t\t\t\t\t<\/div>\n\t\t<\/div>\n\t\t\t\t<div class=\"elementor-column elementor-col-25 elementor-top-column elementor-element elementor-element-5139f3f\" data-id=\"5139f3f\" data-element_type=\"column\">\n\t\t\t<div class=\"elementor-widget-wrap elementor-element-populated\">\n\t\t\t\t\t\t<div class=\"elementor-element elementor-element-41bc00c elementor-widget elementor-widget-image\" data-id=\"41bc00c\" data-element_type=\"widget\" data-widget_type=\"image.default\">\n\t\t\t\t<div class=\"elementor-widget-container\">\n\t\t\t\t\t\t\t\t\t\t\t\t\t\t\t<img decoding=\"async\" src=\"https:\/\/unregardparfait.fr\/wp-content\/uploads\/elementor\/thumbs\/drapeau-angleterre-1-ol0oquucxc89czsabmf0jsrhhka86h1wvrr6msvbvw.png\" title=\"drapeau -angleterre\" alt=\"drapeau -angleterre\" loading=\"lazy\" \/>\t\t\t\t\t\t\t\t\t\t\t\t\t\t\t<\/div>\n\t\t\t\t<\/div>\n\t\t\t\t\t<\/div>\n\t\t<\/div>\n\t\t\t\t<div class=\"elementor-column elementor-col-25 elementor-top-column elementor-element elementor-element-1960037\" data-id=\"1960037\" data-element_type=\"column\">\n\t\t\t<div class=\"elementor-widget-wrap elementor-element-populated\">\n\t\t\t\t\t\t<div class=\"elementor-element elementor-element-88039ce elementor-widget elementor-widget-image\" data-id=\"88039ce\" data-element_type=\"widget\" data-widget_type=\"image.default\">\n\t\t\t\t<div class=\"elementor-widget-container\">\n\t\t\t\t\t\t\t\t\t\t\t\t\t\t\t<img decoding=\"async\" src=\"https:\/\/unregardparfait.fr\/wp-content\/uploads\/elementor\/thumbs\/drapeau-espagne-ol0os7pysq364ptae7jm5gfgdllbaqfyehofl6uuwc.png\" title=\"drapeau-espagne\" alt=\"drapeau-espagne\" loading=\"lazy\" \/>\t\t\t\t\t\t\t\t\t\t\t\t\t\t\t<\/div>\n\t\t\t\t<\/div>\n\t\t\t\t\t<\/div>\n\t\t<\/div>\n\t\t\t\t<div class=\"elementor-column elementor-col-25 elementor-top-column elementor-element elementor-element-b607ad1\" data-id=\"b607ad1\" data-element_type=\"column\">\n\t\t\t<div class=\"elementor-widget-wrap elementor-element-populated\">\n\t\t\t\t\t\t<div class=\"elementor-element elementor-element-e5dc194 elementor-widget elementor-widget-image\" data-id=\"e5dc194\" data-element_type=\"widget\" data-widget_type=\"image.default\">\n\t\t\t\t<div class=\"elementor-widget-container\">\n\t\t\t\t\t\t\t\t\t\t\t\t\t\t\t<img decoding=\"async\" src=\"https:\/\/unregardparfait.fr\/wp-content\/uploads\/elementor\/thumbs\/drapeau-italie-ol0oson27qqbxp4pneuwec5r2j9x5ab4gtf6865rsc.png\" title=\"drapeau-italie\" alt=\"drapeau-italie\" loading=\"lazy\" \/>\t\t\t\t\t\t\t\t\t\t\t\t\t\t\t<\/div>\n\t\t\t\t<\/div>\n\t\t\t\t\t<\/div>\n\t\t<\/div>\n\t\t\t\t\t<\/div>\n\t\t<\/section>\n\t\t\t\t<section class=\"elementor-section elementor-top-section elementor-element elementor-element-1e17cb9 elementor-section-stretched elementor-section-full_width elementor-section-height-default elementor-section-height-default\" data-id=\"1e17cb9\" data-element_type=\"section\" data-settings=\"{&quot;stretch_section&quot;:&quot;section-stretched&quot;,&quot;background_background&quot;:&quot;classic&quot;}\">\n\t\t\t\t\t\t<div class=\"elementor-container elementor-column-gap-default\">\n\t\t\t\t\t<div class=\"elementor-column elementor-col-100 elementor-top-column elementor-element elementor-element-b3ec97a\" data-id=\"b3ec97a\" data-element_type=\"column\" data-settings=\"{&quot;background_background&quot;:&quot;classic&quot;}\">\n\t\t\t<div class=\"elementor-widget-wrap elementor-element-populated\">\n\t\t\t\t\t\t<div class=\"elementor-element elementor-element-8cc0e7a elementor-widget elementor-widget-text-editor\" data-id=\"8cc0e7a\" data-element_type=\"widget\" data-widget_type=\"text-editor.default\">\n\t\t\t\t<div class=\"elementor-widget-container\">\n\t\t\t\t\t\t\t\t\t<p>Mes R\u00e9f\u00e9rences<\/p>\t\t\t\t\t\t\t\t<\/div>\n\t\t\t\t<\/div>\n\t\t\t\t<div class=\"elementor-element elementor-element-ea9dba3 elementor-widget-divider--view-line elementor-widget elementor-widget-divider\" data-id=\"ea9dba3\" data-element_type=\"widget\" data-widget_type=\"divider.default\">\n\t\t\t\t<div class=\"elementor-widget-container\">\n\t\t\t\t\t\t\t<div class=\"elementor-divider\">\n\t\t\t<span class=\"elementor-divider-separator\">\n\t\t\t\t\t\t<\/span>\n\t\t<\/div>\n\t\t\t\t\t\t<\/div>\n\t\t\t\t<\/div>\n\t\t\t\t<div class=\"elementor-element elementor-element-6db2f78 elementor-widget elementor-widget-text-editor\" data-id=\"6db2f78\" data-element_type=\"widget\" data-widget_type=\"text-editor.default\">\n\t\t\t\t<div class=\"elementor-widget-container\">\n\t\t\t\t\t\t\t\t\t<h1 style=\"margin-bottom: 0px; font-variant: normal; font-weight: 400; font-stretch: normal; font-size: 11px; line-height: normal; font-family: Helvetica;\">&nbsp;<\/h1>\n<p><u><i>Voici les formations que j&rsquo;ai pu r\u00e9aliser tout au long de mon parcours:<\/i><\/u><\/p>\n<ul style=\"font-variant-ligatures: normal; font-variant-caps: normal; font-family: Oxygen, sans-serif; font-size: 15px; font-weight: 400;\">\n<li><i>Formation Speedd\u00e9tatouage et Carbonpeel chez Sonia PoulainMai 2023&nbsp;<\/i><\/li>\n<li><i>Formation Master Class Full Lips chez Agnes Permanent Octobre 2022<\/i><\/li>\n<li><i>Formation Cicatrices, Cernes, vergetures et Vitiligo + Skinbooster chez Anna Dermo Avril 2022-Paris<\/i><\/li>\n<li><i>Formation Ar\u00e9oles Mammaires en 3D chez Anna Dermo Avril 2022-Paris<\/i><\/li>\n<li><i>Formation Master Class Sourcils, Eye Liner et Bouche chez Kelen Bauck Janvier 2022<\/i><\/li>\n<li><i>Formation Master Class W-Brows Nathaliya Yeremenco Novembre 2021<\/i><\/li>\n<li><i>Formation Master Class Full Lips chez Agnes Permanent Octobre 2021<\/i><\/li>\n<li><i>Formation Colorimetrie Anna Dermo Mars 2021-Paris<\/i><\/li>\n<li><i>Formation Master Hands chez Nataliya Yeremenko Janvier 2021<\/i><\/li>\n<li><i>Formation Bouche Bisous chez Anna Dermo Aout 2020-Paris<\/i><\/li>\n<li><i>Formation Sourcils Poil \u00e0 Poil FLEEK BROWN et WOW BROWN chez Anna Dermo Aout 2020-Paris<\/i><\/li>\n<li><i>Formation Perfectionnement Volume Russe chez L\u2019Illusion d\u2019Un Regard BY Sonia Poulain Juillet<\/i><\/li>\n<li><i>2020-Reims<\/i><\/li>\n<li><i>Formation Maquillage Permanent &#8211; Sourcils-Eye Liner et L\u00e8vres \u2013 chez Anna Dermo Aout 2019-<\/i><\/li>\n<li><i>Paris<\/i><\/li>\n<li><i>Formation Microblading, Microshading chez BAHIA DERM Octobre 2018-Paris<\/i><\/li>\n<li><i>Formation Extension et r\u00e9haussement de cils chez THERA ESTHETIQUE Juillet 2018-Nantes<\/i><\/li>\n<li><i>Formation Extensions de cils chez EFL (Ecole Fran\u00e7aise du Look) Mai, juin 2018-Paris<\/i><\/li>\n<li><i>Formation Maquillage semi-permanent \u00e0 la lame chez EXCELLENCE COSMETIC Mai 2018-Nantes<\/i><\/li>\n<li><i>Formation Hygi\u00e8ne et Salubrit\u00e9 chez CORPS TECH Avril 2018 &#8211; Nantes<\/i><\/li>\n<li><i>Formation Microblading Soft Tap chez FORMA SUD Novembre 2017-Montpellier +&nbsp;<\/i><\/li>\n<\/ul>\t\t\t\t\t\t\t\t<\/div>\n\t\t\t\t<\/div>\n\t\t\t\t\t<\/div>\n\t\t<\/div>\n\t\t\t\t\t<\/div>\n\t\t<\/section>\n\t\t\t\t<\/div>\n\t\t","protected":false},"excerpt":{"rendered":"<p>CARITA Originaire de Finlande, o\u00f9 j\u2019ai pass\u00e9 toute mon enfance et mon adolescence, je suis une passionn\u00e9e! Danseuse professionnelle, mannequin de haute couture, je connais l\u2019importance de l\u2019image de soi,et de celle que l\u2019on donne \u00e0 voir aux autres.C\u2019est cette exp\u00e9rience, acquise dans les shows t\u00e9l\u00e9vis\u00e9s et les plus grands cabarets du monde que je [&hellip;]<\/p>\n","protected":false},"author":1,"featured_media":0,"parent":0,"menu_order":0,"comment_status":"closed","ping_status":"closed","template":"","meta":{"_monsterinsights_skip_tracking":false,"_monsterinsights_sitenote_active":false,"_monsterinsights_sitenote_note":"","_monsterinsights_sitenote_category":0,"ocean_post_layout":"full-width","ocean_both_sidebars_style":"","ocean_both_sidebars_content_width":0,"ocean_both_sidebars_sidebars_width":0,"ocean_sidebar":"0","ocean_second_sidebar":"0","ocean_disable_margins":"enable","ocean_add_body_class":"","ocean_shortcode_before_top_bar":"","ocean_shortcode_after_top_bar":"","ocean_shortcode_before_header":"","ocean_shortcode_after_header":"","ocean_has_shortcode":"","ocean_shortcode_after_title":"","ocean_shortcode_before_footer_widgets":"","ocean_shortcode_after_footer_widgets":"","ocean_shortcode_before_footer_bottom":"","ocean_shortcode_after_footer_bottom":"","ocean_display_top_bar":"off","ocean_display_header":"on","ocean_header_style":"custom","ocean_center_header_left_menu":"0","ocean_custom_header_template":"932","ocean_custom_logo":0,"ocean_custom_retina_logo":0,"ocean_custom_logo_max_width":0,"ocean_custom_logo_tablet_max_width":0,"ocean_custom_logo_mobile_max_width":0,"ocean_custom_logo_max_height":0,"ocean_custom_logo_tablet_max_height":0,"ocean_custom_logo_mobile_max_height":0,"ocean_header_custom_menu":"2","ocean_menu_typo_font_family":"0","ocean_menu_typo_font_subset":"","ocean_menu_typo_font_size":0,"ocean_menu_typo_font_size_tablet":0,"ocean_menu_typo_font_size_mobile":0,"ocean_menu_typo_font_size_unit":"px","ocean_menu_typo_font_weight":"","ocean_menu_typo_font_weight_tablet":"","ocean_menu_typo_font_weight_mobile":"","ocean_menu_typo_transform":"","ocean_menu_typo_transform_tablet":"","ocean_menu_typo_transform_mobile":"","ocean_menu_typo_line_height":0,"ocean_menu_typo_line_height_tablet":0,"ocean_menu_typo_line_height_mobile":0,"ocean_menu_typo_line_height_unit":"","ocean_menu_typo_spacing":0,"ocean_menu_typo_spacing_tablet":0,"ocean_menu_typo_spacing_mobile":0,"ocean_menu_typo_spacing_unit":"","ocean_menu_link_color":"#000000","ocean_menu_link_color_hover":"#000000","ocean_menu_link_color_active":"#000000","ocean_menu_link_background":"#000000","ocean_menu_link_hover_background":"#000000","ocean_menu_link_active_background":"#000000","ocean_menu_social_links_bg":"#000000","ocean_menu_social_hover_links_bg":"#000000","ocean_menu_social_links_color":"#000000","ocean_menu_social_hover_links_color":"#000000","ocean_disable_title":"on","ocean_disable_heading":"default","ocean_post_title":"","ocean_post_subheading":"","ocean_post_title_style":"","ocean_post_title_background_color":"","ocean_post_title_background":0,"ocean_post_title_bg_image_position":"","ocean_post_title_bg_image_attachment":"","ocean_post_title_bg_image_repeat":"","ocean_post_title_bg_image_size":"","ocean_post_title_height":0,"ocean_post_title_bg_overlay":0.5,"ocean_post_title_bg_overlay_color":"","ocean_disable_breadcrumbs":"default","ocean_breadcrumbs_color":"","ocean_breadcrumbs_separator_color":"","ocean_breadcrumbs_links_color":"","ocean_breadcrumbs_links_hover_color":"","ocean_display_footer_widgets":"on","ocean_display_footer_bottom":"on","ocean_custom_footer_template":"0","footnotes":""},"class_list":["post-596","page","type-page","status-publish","hentry","entry"],"yoast_head":"<!-- This site is optimized with the Yoast SEO plugin v26.1.1 - https:\/\/yoast.com\/wordpress\/plugins\/seo\/ -->\n<title>QUI EST CARITA? - Un regard parfait<\/title>\n<meta name=\"description\" content=\"Carita vous propose des techniques de maquillage semi-permanent, de dermopigmentation pour vos sourcils, vos l\u00e8vres, votre bouche.\" \/>\n<meta name=\"robots\" content=\"index, follow, max-snippet:-1, max-image-preview:large, max-video-preview:-1\" \/>\n<link rel=\"canonical\" href=\"https:\/\/unregardparfait.fr\/index.php\/a-propos-2\/\" \/>\n<meta property=\"og:locale\" content=\"fr_FR\" \/>\n<meta property=\"og:type\" content=\"article\" \/>\n<meta property=\"og:title\" content=\"QUI EST CARITA? - Un regard parfait\" \/>\n<meta property=\"og:description\" content=\"Carita vous propose des techniques de maquillage semi-permanent, de dermopigmentation pour vos sourcils, vos l\u00e8vres, votre bouche.\" \/>\n<meta property=\"og:url\" content=\"https:\/\/unregardparfait.fr\/index.php\/a-propos-2\/\" \/>\n<meta property=\"og:site_name\" content=\"Un regard parfait\" \/>\n<meta property=\"article:modified_time\" content=\"2023-07-18T15:45:45+00:00\" \/>\n<meta property=\"og:image\" content=\"https:\/\/unregardparfait.fr\/wp-content\/uploads\/2020\/05\/photo-CARITA-accueil-1-768x604.jpg\" \/>\n<meta name=\"twitter:card\" content=\"summary_large_image\" \/>\n<meta name=\"twitter:label1\" content=\"Dur\u00e9e de lecture estim\u00e9e\" \/>\n\t<meta name=\"twitter:data1\" content=\"3 minutes\" \/>\n<script type=\"application\/ld+json\" class=\"yoast-schema-graph\">{\"@context\":\"https:\/\/schema.org\",\"@graph\":[{\"@type\":\"WebPage\",\"@id\":\"https:\/\/unregardparfait.fr\/index.php\/a-propos-2\/\",\"url\":\"https:\/\/unregardparfait.fr\/index.php\/a-propos-2\/\",\"name\":\"QUI EST CARITA? - Un regard parfait\",\"isPartOf\":{\"@id\":\"https:\/\/unregardparfait.fr\/#website\"},\"primaryImageOfPage\":{\"@id\":\"https:\/\/unregardparfait.fr\/index.php\/a-propos-2\/#primaryimage\"},\"image\":{\"@id\":\"https:\/\/unregardparfait.fr\/index.php\/a-propos-2\/#primaryimage\"},\"thumbnailUrl\":\"https:\/\/unregardparfait.fr\/wp-content\/uploads\/2020\/05\/photo-CARITA-accueil-1-768x604.jpg\",\"datePublished\":\"2020-02-10T13:29:12+00:00\",\"dateModified\":\"2023-07-18T15:45:45+00:00\",\"description\":\"Carita vous propose des techniques de maquillage semi-permanent, de dermopigmentation pour vos sourcils, vos l\u00e8vres, votre bouche.\",\"breadcrumb\":{\"@id\":\"https:\/\/unregardparfait.fr\/index.php\/a-propos-2\/#breadcrumb\"},\"inLanguage\":\"fr-FR\",\"potentialAction\":[{\"@type\":\"ReadAction\",\"target\":[\"https:\/\/unregardparfait.fr\/index.php\/a-propos-2\/\"]}]},{\"@type\":\"ImageObject\",\"inLanguage\":\"fr-FR\",\"@id\":\"https:\/\/unregardparfait.fr\/index.php\/a-propos-2\/#primaryimage\",\"url\":\"https:\/\/unregardparfait.fr\/wp-content\/uploads\/2020\/05\/photo-CARITA-accueil-1-768x604.jpg\",\"contentUrl\":\"https:\/\/unregardparfait.fr\/wp-content\/uploads\/2020\/05\/photo-CARITA-accueil-1-768x604.jpg\"},{\"@type\":\"BreadcrumbList\",\"@id\":\"https:\/\/unregardparfait.fr\/index.php\/a-propos-2\/#breadcrumb\",\"itemListElement\":[{\"@type\":\"ListItem\",\"position\":1,\"name\":\"Accueil\",\"item\":\"https:\/\/unregardparfait.fr\/\"},{\"@type\":\"ListItem\",\"position\":2,\"name\":\"QUI EST CARITA?\"}]},{\"@type\":\"WebSite\",\"@id\":\"https:\/\/unregardparfait.fr\/#website\",\"url\":\"https:\/\/unregardparfait.fr\/\",\"name\":\"Un regard parfait\",\"description\":\"\",\"potentialAction\":[{\"@type\":\"SearchAction\",\"target\":{\"@type\":\"EntryPoint\",\"urlTemplate\":\"https:\/\/unregardparfait.fr\/?s={search_term_string}\"},\"query-input\":{\"@type\":\"PropertyValueSpecification\",\"valueRequired\":true,\"valueName\":\"search_term_string\"}}],\"inLanguage\":\"fr-FR\"}]}<\/script>\n<!-- \/ Yoast SEO plugin. -->","yoast_head_json":{"title":"QUI EST CARITA? - Un regard parfait","description":"Carita vous propose des techniques de maquillage semi-permanent, de dermopigmentation pour vos sourcils, vos l\u00e8vres, votre bouche.","robots":{"index":"index","follow":"follow","max-snippet":"max-snippet:-1","max-image-preview":"max-image-preview:large","max-video-preview":"max-video-preview:-1"},"canonical":"https:\/\/unregardparfait.fr\/index.php\/a-propos-2\/","og_locale":"fr_FR","og_type":"article","og_title":"QUI EST CARITA? - Un regard parfait","og_description":"Carita vous propose des techniques de maquillage semi-permanent, de dermopigmentation pour vos sourcils, vos l\u00e8vres, votre bouche.","og_url":"https:\/\/unregardparfait.fr\/index.php\/a-propos-2\/","og_site_name":"Un regard parfait","article_modified_time":"2023-07-18T15:45:45+00:00","og_image":[{"url":"https:\/\/unregardparfait.fr\/wp-content\/uploads\/2020\/05\/photo-CARITA-accueil-1-768x604.jpg","type":"","width":"","height":""}],"twitter_card":"summary_large_image","twitter_misc":{"Dur\u00e9e de lecture estim\u00e9e":"3 minutes"},"schema":{"@context":"https:\/\/schema.org","@graph":[{"@type":"WebPage","@id":"https:\/\/unregardparfait.fr\/index.php\/a-propos-2\/","url":"https:\/\/unregardparfait.fr\/index.php\/a-propos-2\/","name":"QUI EST CARITA? - Un regard parfait","isPartOf":{"@id":"https:\/\/unregardparfait.fr\/#website"},"primaryImageOfPage":{"@id":"https:\/\/unregardparfait.fr\/index.php\/a-propos-2\/#primaryimage"},"image":{"@id":"https:\/\/unregardparfait.fr\/index.php\/a-propos-2\/#primaryimage"},"thumbnailUrl":"https:\/\/unregardparfait.fr\/wp-content\/uploads\/2020\/05\/photo-CARITA-accueil-1-768x604.jpg","datePublished":"2020-02-10T13:29:12+00:00","dateModified":"2023-07-18T15:45:45+00:00","description":"Carita vous propose des techniques de maquillage semi-permanent, de dermopigmentation pour vos sourcils, vos l\u00e8vres, votre bouche.","breadcrumb":{"@id":"https:\/\/unregardparfait.fr\/index.php\/a-propos-2\/#breadcrumb"},"inLanguage":"fr-FR","potentialAction":[{"@type":"ReadAction","target":["https:\/\/unregardparfait.fr\/index.php\/a-propos-2\/"]}]},{"@type":"ImageObject","inLanguage":"fr-FR","@id":"https:\/\/unregardparfait.fr\/index.php\/a-propos-2\/#primaryimage","url":"https:\/\/unregardparfait.fr\/wp-content\/uploads\/2020\/05\/photo-CARITA-accueil-1-768x604.jpg","contentUrl":"https:\/\/unregardparfait.fr\/wp-content\/uploads\/2020\/05\/photo-CARITA-accueil-1-768x604.jpg"},{"@type":"BreadcrumbList","@id":"https:\/\/unregardparfait.fr\/index.php\/a-propos-2\/#breadcrumb","itemListElement":[{"@type":"ListItem","position":1,"name":"Accueil","item":"https:\/\/unregardparfait.fr\/"},{"@type":"ListItem","position":2,"name":"QUI EST CARITA?"}]},{"@type":"WebSite","@id":"https:\/\/unregardparfait.fr\/#website","url":"https:\/\/unregardparfait.fr\/","name":"Un regard parfait","description":"","potentialAction":[{"@type":"SearchAction","target":{"@type":"EntryPoint","urlTemplate":"https:\/\/unregardparfait.fr\/?s={search_term_string}"},"query-input":{"@type":"PropertyValueSpecification","valueRequired":true,"valueName":"search_term_string"}}],"inLanguage":"fr-FR"}]}},"_links":{"self":[{"href":"https:\/\/unregardparfait.fr\/index.php\/wp-json\/wp\/v2\/pages\/596","targetHints":{"allow":["GET"]}}],"collection":[{"href":"https:\/\/unregardparfait.fr\/index.php\/wp-json\/wp\/v2\/pages"}],"about":[{"href":"https:\/\/unregardparfait.fr\/index.php\/wp-json\/wp\/v2\/types\/page"}],"author":[{"embeddable":true,"href":"https:\/\/unregardparfait.fr\/index.php\/wp-json\/wp\/v2\/users\/1"}],"replies":[{"embeddable":true,"href":"https:\/\/unregardparfait.fr\/index.php\/wp-json\/wp\/v2\/comments?post=596"}],"version-history":[{"count":95,"href":"https:\/\/unregardparfait.fr\/index.php\/wp-json\/wp\/v2\/pages\/596\/revisions"}],"predecessor-version":[{"id":1767,"href":"https:\/\/unregardparfait.fr\/index.php\/wp-json\/wp\/v2\/pages\/596\/revisions\/1767"}],"wp:attachment":[{"href":"https:\/\/unregardparfait.fr\/index.php\/wp-json\/wp\/v2\/media?parent=596"}],"curies":[{"name":"wp","href":"https:\/\/api.w.org\/{rel}","templated":true}]}}